{"id":748,"date":"2024-02-15T13:47:38","date_gmt":"2024-02-15T13:47:38","guid":{"rendered":"https:\/\/www.coremosa.es\/?page_id=748"},"modified":"2025-07-17T11:11:57","modified_gmt":"2025-07-17T11:11:57","slug":"suport-i-drivers","status":"publish","type":"page","link":"https:\/\/www.coremosa.es\/ca\/suport-i-drivers\/","title":{"rendered":"Drivers, guies de configuraci\u00f3 i suport t\u00e8cnic per a oficines"},"content":{"rendered":"\r\n<section  class=\"block-buttons-lists pt-12 md:pt-16 lg:pt-24\"> <!-- section -->\r\n\r\n    <div class=\"mx-auto max-w-6xl\"> <!-- if is a full width section, apply container -->\r\n\r\n\t\t\t\t\t<h2 class=\"text-sm uppercase text-primary border-t border-primary pt-2.5 lg:col-span-2 font-normal\">\r\n\t\t\t\t Drivers i suport t\u00e8cnic\t\t\t<\/h2>\r\n\t\t\r\n\t\t\r\n\t\t\t<div class=\"grid gap-5 md:grid-cols-2 xl:grid-cols-3\">\r\n\r\n\t\t\t\t\r\n\t\t\t\t\t<div class=\"bg-primary-100 p-5 xl:px-8 xl:pb-8 xl:pt-6\">\r\n\r\n\t\t\t\t\t\t\t\t\t\t\t\t\t<h3 class=\"mb-5\">Desc\u00e0rrega de drivers<\/h3>\r\n\t\t\t\t\t\t\r\n\t\t\t\t\t\t\t\t\t\t\t\t\t<ul class=\"list-none m-0 grid gap-5\">\r\n\t\t\t\t\t\t\t\t\t\t\t\t\t\t\t\t\t<li>\r\n\r\n\t\t\t\t\t\t\t\t\t\t\r\n\t\t\t\t\t\t\t\t\t\t\t\t\t\t\t\t\t\t\t\t\t<a href=\"https:\/\/global.sharp\/restricted\/products\/copier\/downloads\/select_es_driver.html\" class=\"button-primary w-full text-center uppercase\" target=\"_blank\" rel=\"noopener\">\r\n\t\t\t\t\t\t\t\t\t\t\t\tSharp\t\t\t\t\t\t\t\t\t\t\t<\/a>\r\n\t\t\t\t\t\t\t\t\t\t\t\t\t\t\t\t\t\t\t<\/li>\r\n\t\t\t\t\t\t\t\t\t\t\t\t\t\t\t\t\t<li>\r\n\r\n\t\t\t\t\t\t\t\t\t\t\r\n\t\t\t\t\t\t\t\t\t\t\t\t\t\t\t\t\t\t\t\t\t<a href=\"https:\/\/apps.sharp.es\/cps\/rde\/xchg\/es\/hs.xsl\/-\/html\/centro-de-descargas.htm\" class=\"button-primary w-full text-center uppercase\" target=\"_blank\" rel=\"noopener\">\r\n\t\t\t\t\t\t\t\t\t\t\t\tSharp Old\t\t\t\t\t\t\t\t\t\t\t<\/a>\r\n\t\t\t\t\t\t\t\t\t\t\t\t\t\t\t\t\t\t\t<\/li>\r\n\t\t\t\t\t\t\t\t\t\t\t\t\t\t\t\t\t<li>\r\n\r\n\t\t\t\t\t\t\t\t\t\t\r\n\t\t\t\t\t\t\t\t\t\t\t\t\t\t\t\t\t\t\t\t\t<a href=\"https:\/\/www.epson.es\/es_ES\/support\" class=\"button-primary w-full text-center uppercase\" target=\"_blank\" rel=\"noopener\">\r\n\t\t\t\t\t\t\t\t\t\t\t\tEpson\t\t\t\t\t\t\t\t\t\t\t<\/a>\r\n\t\t\t\t\t\t\t\t\t\t\t\t\t\t\t\t\t\t\t<\/li>\r\n\t\t\t\t\t\t\t\t\t\t\t\t\t\t\t\t\t<li>\r\n\r\n\t\t\t\t\t\t\t\t\t\t\r\n\t\t\t\t\t\t\t\t\t\t\t\t\t\t\t\t\t\t\t\t\t<a href=\"https:\/\/www.develop.eu\/en\/products\/office-products.html\" class=\"button-primary w-full text-center uppercase\" target=\"_blank\" rel=\"noopener\">\r\n\t\t\t\t\t\t\t\t\t\t\t\tDevelop\t\t\t\t\t\t\t\t\t\t\t<\/a>\r\n\t\t\t\t\t\t\t\t\t\t\t\t\t\t\t\t\t\t\t<\/li>\r\n\t\t\t\t\t\t\t\t\t\t\t\t\t\t\t<\/ul>\r\n\t\t\t\t\t\t\t\t\t\t\t\t\r\n\r\n\t\t\t\t\t<\/div>\r\n\r\n\t\t\t\t\r\n\t\t\t\t\t<div class=\"bg-primary-100 p-5 xl:px-8 xl:pb-8 xl:pt-6\">\r\n\r\n\t\t\t\t\t\t\t\t\t\t\t\t\t<h3 class=\"mb-5\">Suport t\u00e8cnic<\/h3>\r\n\t\t\t\t\t\t\r\n\t\t\t\t\t\t\t\t\t\t\t\t\t<ul class=\"list-none m-0 grid gap-5\">\r\n\t\t\t\t\t\t\t\t\t\t\t\t\t\t\t\t\t<li>\r\n\r\n\t\t\t\t\t\t\t\t\t\t\r\n\t\t\t\t\t\t\t\t\t\t\t\t\t\t\t\t\t\t\t\t\t<a href=\"https:\/\/get.teamviewer.com\/coremosa\" class=\"button-primary w-full text-center uppercase\" target=\"_blank\" rel=\"noopener\">\r\n\t\t\t\t\t\t\t\t\t\t\t\tWindows\t\t\t\t\t\t\t\t\t\t\t<\/a>\r\n\t\t\t\t\t\t\t\t\t\t\t\t\t\t\t\t\t\t\t<\/li>\r\n\t\t\t\t\t\t\t\t\t\t\t\t\t\t\t\t\t<li>\r\n\r\n\t\t\t\t\t\t\t\t\t\t\r\n\t\t\t\t\t\t\t\t\t\t\t\t\t\t\t\t\t\t\t\t\t<a href=\"https:\/\/www.dropbox.com\/sh\/dtyn9as1ny7i3pc\/bUnAuIve_i\/TeamViewerQS.dmg?oref=e\" class=\"button-primary w-full text-center uppercase\" target=\"_blank\" rel=\"noopener\">\r\n\t\t\t\t\t\t\t\t\t\t\t\tMac OS\t\t\t\t\t\t\t\t\t\t\t<\/a>\r\n\t\t\t\t\t\t\t\t\t\t\t\t\t\t\t\t\t\t\t<\/li>\r\n\t\t\t\t\t\t\t\t\t\t\t\t\t\t\t\t\t<li>\r\n\r\n\t\t\t\t\t\t\t\t\t\t\r\n\t\t\t\t\t\t\t\t\t\t\t\t\t\t\t\t\t\t\t\t\t<a href=\"https:\/\/zero.nubeprint.com\/download\/cpms\/Nubeprint%20CPM.msi\" class=\"button-primary w-full text-center uppercase\" target=\"_blank\" rel=\"noopener\">\r\n\t\t\t\t\t\t\t\t\t\t\t\tNubeprint Instal\u00b7lador\t\t\t\t\t\t\t\t\t\t\t<\/a>\r\n\t\t\t\t\t\t\t\t\t\t\t\t\t\t\t\t\t\t\t<\/li>\r\n\t\t\t\t\t\t\t\t\t\t\t\t\t\t\t\t\t<li>\r\n\r\n\t\t\t\t\t\t\t\t\t\t\r\n\t\t\t\t\t\t\t\t\t\t\t\t\t\t\t\t\t\t\t\t\t<a href=\"https:\/\/download.anydesk.com\/AnyDesk.exe?_ga=2.74845266.1528156093.1588667889-235282735.1588667889\" class=\"button-primary w-full text-center uppercase\" target=\"_blank\" rel=\"noopener\">\r\n\t\t\t\t\t\t\t\t\t\t\t\tAnyDesk\t\t\t\t\t\t\t\t\t\t\t<\/a>\r\n\t\t\t\t\t\t\t\t\t\t\t\t\t\t\t\t\t\t\t<\/li>\r\n\t\t\t\t\t\t\t\t\t\t\t\t\t\t\t<\/ul>\r\n\t\t\t\t\t\t\t\t\t\t\t\t\r\n\r\n\t\t\t\t\t<\/div>\r\n\r\n\t\t\t\t\r\n\t\t\t<\/div>\r\n\r\n\t\t\r\n\t<\/div>\r\n\r\n<\/section>\n\n\r\n<section  class=\"block-buttons-lists pt-12 md:pt-16 lg:pt-24\"> <!-- section -->\r\n\r\n    <div class=\"mx-auto max-w-6xl\"> <!-- if is a full width section, apply container -->\r\n\r\n\t\t\t\t\t<h2 class=\"text-sm uppercase text-primary border-t border-primary pt-2.5 lg:col-span-2 font-normal\">\r\n\t\t\t\tGuies de configuraci\u00f3\t\t\t<\/h2>\r\n\t\t\r\n\t\t\r\n\t\t\t<div class=\"grid gap-5 md:grid-cols-2 xl:grid-cols-3\">\r\n\r\n\t\t\t\t\r\n\t\t\t\t\t<div class=\"bg-primary-100 p-5 xl:px-8 xl:pb-8 xl:pt-6\">\r\n\r\n\t\t\t\t\t\t\t\t\t\t\t\t\t<h3 class=\"mb-5\">Escaner Sharp<\/h3>\r\n\t\t\t\t\t\t\r\n\t\t\t\t\t\t\t\t\t\t\t\t\t<ul class=\"list-none m-0 grid gap-5\">\r\n\t\t\t\t\t\t\t\t\t\t\t\t\t\t\t\t\t<li>\r\n\r\n\t\t\t\t\t\t\t\t\t\t\t\t\t\t\t\t\t\t\t\t\t<strong class=\"block mb-1.5 uppercase text-2xs tracking-wider font-normal\">Esc\u00e0ner a carpeta de xarxa (SMB)<\/strong>\r\n\t\t\t\t\t\t\t\t\t\t\r\n\t\t\t\t\t\t\t\t\t\t\t\t\t\t\t\t\t\t\t\t\t<a href=\"https:\/\/www.coremosa.es\/wp-content\/uploads\/2025\/07\/SMB_SHARP.pdf\" class=\"button-primary w-full text-center uppercase\" target=\"_blank\">\r\n\t\t\t\t\t\t\t\t\t\t\t\tGuia\t\t\t\t\t\t\t\t\t\t\t<\/a>\r\n\t\t\t\t\t\t\t\t\t\t\t\t\t\t\t\t\t\t\t<\/li>\r\n\t\t\t\t\t\t\t\t\t\t\t\t\t\t\t\t\t<li>\r\n\r\n\t\t\t\t\t\t\t\t\t\t\t\t\t\t\t\t\t\t\t\t\t<strong class=\"block mb-1.5 uppercase text-2xs tracking-wider font-normal\">Esc\u00e0ner a correu electr\u00f2nic<\/strong>\r\n\t\t\t\t\t\t\t\t\t\t\r\n\t\t\t\t\t\t\t\t\t\t\t\t\t\t\t\t\t\t\t\t\t<a href=\"https:\/\/www.coremosa.es\/wp-content\/uploads\/2025\/07\/Escaner-Mail_SHARP.pdf\" class=\"button-primary w-full text-center uppercase\" target=\"_blank\">\r\n\t\t\t\t\t\t\t\t\t\t\t\tGuia\t\t\t\t\t\t\t\t\t\t\t<\/a>\r\n\t\t\t\t\t\t\t\t\t\t\t\t\t\t\t\t\t\t\t<\/li>\r\n\t\t\t\t\t\t\t\t\t\t\t\t\t\t\t\t\t<li>\r\n\r\n\t\t\t\t\t\t\t\t\t\t\t\t\t\t\t\t\t\t\t\t\t<strong class=\"block mb-1.5 uppercase text-2xs tracking-wider font-normal\">Esc\u00e0ner a Sharpdesk<\/strong>\r\n\t\t\t\t\t\t\t\t\t\t\r\n\t\t\t\t\t\t\t\t\t\t\t\t\t\t\t\t\t\t\t\t\t<a href=\"https:\/\/cdn.website-editor.net\/s\/0529a8453047463dab37b900e619bd95\/files\/uploaded\/Sharpdesk-Manual.zip?Expires=1711555790&#038;Signature=g-MdmwfLq4pWcMrN4FB1rZJ4JzHszpdeAEgXiMT7Q0aCf5Eva5yYc8Rk1VX4c1vXd5O3MUctG3OClflO5yp2UM6fkQm1s4UdAEaU8n4l5Jrkn9NCvm8MJnBEZtqkWU6L6b5NsOeZlSJuEwIncBB3Y7Uvn-og1BICek7z5TbKhnawdm9RHu90ZJ-lD3Qr4bJ4y1KrmGNZr0MkYbMGyUY0Ox4GiPRM~5wXCYreUsffgzuMDMuMAA~a31t84griV~tLxm6szGkvHBsr5JAaRKG8canMJfidNZaOcg0okoR90QJSOqWCcJ4vvZI4Oe6YqTx5Q4e~ZLQ3lc4mkirTuvo85g__&#038;Key-Pair-Id=K2NXBXLF010TJW\" class=\"button-primary w-full text-center uppercase\" target=\"_blank\" rel=\"noopener\">\r\n\t\t\t\t\t\t\t\t\t\t\t\tDownload\t\t\t\t\t\t\t\t\t\t\t<\/a>\r\n\t\t\t\t\t\t\t\t\t\t\t\t\t\t\t\t\t\t\t<\/li>\r\n\t\t\t\t\t\t\t\t\t\t\t\t\t\t\t<\/ul>\r\n\t\t\t\t\t\t\t\t\t\t\t\t\r\n\r\n\t\t\t\t\t<\/div>\r\n\r\n\t\t\t\t\r\n\t\t\t\t\t<div class=\"bg-primary-100 p-5 xl:px-8 xl:pb-8 xl:pt-6\">\r\n\r\n\t\t\t\t\t\t\t\t\t\t\t\t\t<h3 class=\"mb-5\">Nubeprint<\/h3>\r\n\t\t\t\t\t\t\r\n\t\t\t\t\t\t\t\t\t\t\t\t\t<ul class=\"list-none m-0 grid gap-5\">\r\n\t\t\t\t\t\t\t\t\t\t\t\t\t\t\t\t\t<li>\r\n\r\n\t\t\t\t\t\t\t\t\t\t\t\t\t\t\t\t\t\t\t\t\t<strong class=\"block mb-1.5 uppercase text-2xs tracking-wider font-normal\">Instal\u00b7laci\u00f3 Nubeprint<\/strong>\r\n\t\t\t\t\t\t\t\t\t\t\r\n\t\t\t\t\t\t\t\t\t\t\t\t\t\t\t\t\t\t\t\t\t<a href=\"https:\/\/cdn.website-editor.net\/0529a8453047463dab37b900e619bd95\/files\/uploaded\/Nubeprint%2520Manual%2520Configurador.pdf\" class=\"button-primary w-full text-center uppercase\" target=\"_blank\" rel=\"noopener\">\r\n\t\t\t\t\t\t\t\t\t\t\t\tGuia\t\t\t\t\t\t\t\t\t\t\t<\/a>\r\n\t\t\t\t\t\t\t\t\t\t\t\t\t\t\t\t\t\t\t<\/li>\r\n\t\t\t\t\t\t\t\t\t\t\t\t\t\t\t<\/ul>\r\n\t\t\t\t\t\t\t\t\t\t\t\t\r\n\r\n\t\t\t\t\t<\/div>\r\n\r\n\t\t\t\t\r\n\t\t\t<\/div>\r\n\r\n\t\t\r\n\t<\/div>\r\n\r\n<\/section>\n\n<script type=\"application\/ld+json\">\n    {\n      \"@context\": \"https:\/\/schema.org\",\n      \"@type\": \"FAQPage\",\n      \"mainEntity\": [{\n                \"@type\": \"Question\",\n                \"name\": \"\u00bfQu\u00e9 soluciones ofrece Coremosa?\",\n                \"acceptedAnswer\": {\n                    \"@type\": \"Answer\",\n                    \"text\": \"Coremosa ofrece una amplia gama de soluciones integrales para empresas y profesionales, incluyendo: (i) distribuci\u00f3n, venta y mantenimiento de maquinaria reprogr\u00e1fica,\u00a0 (ii) soluciones audiovisuales, (iii) mobiliario de oficina y (iv) un ecommerce donde hay m\u00e1s de 90.000 referencias de material de oficina, papeler\u00eda e inform\u00e1tica\"\n                }\n            },{\n                \"@type\": \"Question\",\n                \"name\": \"\u00bfC\u00f3mo puedo solicitar un asesoramiento personalizado?\",\n                \"acceptedAnswer\": {\n                    \"@type\": \"Answer\",\n                    \"text\": \"Nuestro equipo propio de t\u00e9cnicos profesionales te asesorar\u00e1 acerca de tus dudas o necesidades sin compromiso completando nuestro formulario al final de la p\u00e1gina o contando nuestro tel\u00e9fono o correo electr\u00f3nico.\"\n                }\n            },{\n                \"@type\": \"Question\",\n                \"name\": \"\",\n                \"acceptedAnswer\": {\n                    \"@type\": \"Answer\",\n                    \"text\": \"\"\n                }\n            },{\n                \"@type\": \"Question\",\n                \"name\": \"\",\n                \"acceptedAnswer\": {\n                    \"@type\": \"Answer\",\n                    \"text\": \"\"\n                }\n}]\n}<\/script>\n<section  class=\"block-faqs py-12 md:py-16 lg:py-24\">\n\n    <div class=\"\">\n                        \n                    <h2 class=\"text-center mb-10\">\n                Preguntes freq\u00fcents            <\/h2>\n        \n                    <dl class=\"accordion max-w-screen-xl mx-auto border-b border-primary\">\n\n                \n                    <dt class=\"accordion__button cursor-pointer font-normal border-t border-primary text-lg pr-4 pt-4 pb-5 relative\">\r\n    Quines solucions ofereix Coremosa?<\/dt>\r\n\r\n<dd class=\"accordion__content m-0\">\r\n    <div class=\"pb-2\">\r\n        <p>Coremosa ofereix una \u00e0mplia gamma de solucions integrals per a empreses i professionals, incloent: (i) distribuci\u00f3, venda i manteniment de maquin\u00e0ria reprogr\u00e0fica,\u00a0 (ii) solucions audiovisuals, (iii) mobiliari d&#8217;oficina i (iv) un ecommerce on hi ha m\u00e9s de 90.000 refer\u00e8ncies de material d&#8217;oficina, papereria i inform\u00e0tica entre d&#8217;altres.<\/p>\n    <\/div>\r\n<\/dd>\n                \n                    <dt class=\"accordion__button cursor-pointer font-normal border-t border-primary text-lg pr-4 pt-4 pb-5 relative\">\r\n    Com puc sol\u00b7licitar un assessorament personalitzat?<\/dt>\r\n\r\n<dd class=\"accordion__content m-0\">\r\n    <div class=\"pb-2\">\r\n        <p>El nostre equip propi de t\u00e8cnics professionals t&#8217;assessorar\u00e0 sobre els teus dubtes o necessitats sense comprom\u00eds completant el nostre formulari al final de la p\u00e0gina o comptant el nostre tel\u00e8fon o correu electr\u00f2nic.<\/p>\n    <\/div>\r\n<\/dd>\n                \n            <\/dl>\n        \n    <\/div>\n\n<\/section>\n\n\r\n\r\n<section  class=\"block-contactform wp-elements-372336e29be178241e50bcba7b5486e4 alignfull has-background has-gray-800-background-color has-text-color has-white-color relative\"> <!-- section -->\r\n\r\n    <div class=\"container\"> <!-- if is a full width section, apply container -->\r\n\r\n\t\t<div class=\"mx-auto max-w-7xl md:relative pt-14 pb-16 md:pt-16 md:pb-20\">\r\n\r\n\t\t\t<h2 class=\"text-2xl lg:text-3xl mb-4 md:mb-8 md:px-32 text-center lg:mb-20\">Tens cap dubte? Escriu-nos<\/h2>\t\r\n\t\t\t\n<div class=\"wpcf7 no-js\" id=\"wpcf7-f1138-o1\" lang=\"ca\" dir=\"ltr\">\n<div class=\"screen-reader-response\"><p role=\"status\" aria-live=\"polite\" aria-atomic=\"true\"><\/p> <ul><\/ul><\/div>\n<form action=\"\/ca\/wp-json\/wp\/v2\/pages\/748#wpcf7-f1138-o1\" method=\"post\" class=\"wpcf7-form init\" aria-label=\"Formulari de contacte\" novalidate=\"novalidate\" data-status=\"init\">\n<div style=\"display: none;\">\n<input type=\"hidden\" name=\"_wpcf7\" value=\"1138\" \/>\n<input type=\"hidden\" name=\"_wpcf7_version\" value=\"5.9.4\" \/>\n<input type=\"hidden\" name=\"_wpcf7_locale\" value=\"ca\" \/>\n<input type=\"hidden\" name=\"_wpcf7_unit_tag\" value=\"wpcf7-f1138-o1\" \/>\n<input type=\"hidden\" name=\"_wpcf7_container_post\" value=\"0\" \/>\n<input type=\"hidden\" name=\"_wpcf7_posted_data_hash\" value=\"\" \/>\n<input type=\"hidden\" name=\"_wpcf7_recaptcha_response\" value=\"\" \/>\n<\/div>\n<div class=\"main-contact-form\">\n<div class=\"fields-group\">\n<div>\n<label for=\"cf-name\">Nom<\/label>\n<span class=\"wpcf7-form-control-wrap\" data-name=\"cf-name\"><input size=\"40\" class=\"wpcf7-form-control wpcf7-text wpcf7-validates-as-required\" id=\"cf-name\" aria-required=\"true\" aria-invalid=\"false\" value=\"\" type=\"text\" name=\"cf-name\" \/><\/span>\n<\/div>\n<div>\n<label for=\"cf-company\">Empresa o instituci\u00f3<\/label>\n<span class=\"wpcf7-form-control-wrap\" data-name=\"cf-company\"><input size=\"40\" class=\"wpcf7-form-control wpcf7-text wpcf7-validates-as-required\" id=\"cf-company\" aria-required=\"true\" aria-invalid=\"false\" value=\"\" type=\"text\" name=\"cf-company\" \/><\/span>\n<\/div>\n<\/div>\n<div class=\"fields-group\">\n<div>\n<label for=\"cf-email\">Correu electr\u00f2nic<\/label>\n<span class=\"wpcf7-form-control-wrap\" data-name=\"cf-email\"><input size=\"40\" class=\"wpcf7-form-control wpcf7-email wpcf7-validates-as-required wpcf7-text wpcf7-validates-as-email\" id=\"cf-email\" aria-required=\"true\" aria-invalid=\"false\" value=\"\" type=\"email\" name=\"cf-email\" \/><\/span>\n<\/div>\n<div>\n<label for=\"cf-phone\">Tel\u00e8fon<\/label>\n<span class=\"wpcf7-form-control-wrap\" data-name=\"cf-phone\"><input size=\"40\" class=\"wpcf7-form-control wpcf7-tel wpcf7-validates-as-required wpcf7-text wpcf7-validates-as-tel\" id=\"cf-phone\" aria-required=\"true\" aria-invalid=\"false\" value=\"\" type=\"tel\" name=\"cf-phone\" \/><\/span>\n<\/div>\n<\/div>\n<div class=\"field-single\">\n<label for=\"cf-comments\">Comentaris<\/label>\n<span class=\"wpcf7-form-control-wrap\" data-name=\"cf-comments\"><textarea cols=\"40\" rows=\"4\" class=\"wpcf7-form-control wpcf7-textarea wpcf7-validates-as-required\" id=\"cf-comments\" aria-required=\"true\" aria-invalid=\"false\" name=\"cf-comments\"><\/textarea><\/span>\n<\/div>\n<div class=\"full\">\n<span class=\"wpcf7-form-control-wrap\" data-name=\"cf-acceptance\"><span class=\"wpcf7-form-control wpcf7-acceptance\"><span class=\"wpcf7-list-item\"><label><input type=\"checkbox\" name=\"cf-acceptance\" value=\"1\" id=\"cf-acceptance\" aria-invalid=\"false\" \/><span class=\"wpcf7-list-item-label\">He llegit i accepto la <a href=\"\/ca\/politica-de-privacitat\/\" target=\"_blank\">pol\u00edtica de privacitat<\/a><\/span><\/label><\/span><\/span><\/span>\n<\/div>\n\n<span class=\"wpcf7-form-control-wrap recaptcha\" data-name=\"recaptcha\"><span data-sitekey=\"6LedDMwpAAAAACyXG6OgddXloO1P-frCH2862G3B\" class=\"wpcf7-form-control wpcf7-recaptcha g-recaptcha\"><\/span>\r\n<noscript>\r\n\t<div class=\"grecaptcha-noscript\">\r\n\t\t<iframe loading=\"lazy\" src=\"https:\/\/www.google.com\/recaptcha\/api\/fallback?k=6LedDMwpAAAAACyXG6OgddXloO1P-frCH2862G3B\" frameborder=\"0\" scrolling=\"no\" width=\"310\" height=\"430\">\r\n\t\t<\/iframe>\r\n\t\t<textarea name=\"g-recaptcha-response\" rows=\"3\" cols=\"40\" placeholder=\"reCaptcha Response Here\">\r\n\t\t<\/textarea>\r\n\t<\/div>\r\n<\/noscript>\r\n<\/span>\n\n<div class=\"full text-center\">\n<input class=\"wpcf7-form-control wpcf7-submit has-spinner ct-link-button btn-primary\" id=\"cf-send\" type=\"submit\" value=\"Enviar\" \/>\n<\/div>\n<\/div><div class=\"wpcf7-response-output\" aria-hidden=\"true\"><\/div>\n<\/form>\n<\/div>\n\r\n\t\t\t<div class=\"absolute right-0 top-0\" data-aos=\"fade\" data-aos-duration=\"1000\" data-aos-delay=\"150\">\r\n\t\t\t\t<svg class=\"w-12 md:w-28\" xmlns=\"http:\/\/www.w3.org\/2000\/svg\" viewBox=\"0 0 51.5 47.5\"><g fill=\"currentColor\"><path d=\"M2 0h20.4v23.3l-13 24.2H.2l11-23.6H2.1Z\"\/><path d=\"M31 0h20.4v23.3l-13 24.2h-9.2l11-23.6h-9.1Z\"\/><\/g><\/svg>\r\n\t\t\t<\/div>\r\n\r\n\t\t<\/div>\r\n\r\n\r\n\t<\/div>\r\n\r\n<\/section>\n\n\r\n<section  class=\"block-cta wp-elements-17bd578207f856352bf591097f389df9 alignfull has-background has-gray-900-background-color has-text-color has-white-color text-center relative\"> <!-- section -->\r\n\r\n    <div class=\"container\"> <!-- if is a full width section, apply container -->\r\n\r\n\t\t<div class=\"max-w-4xl mx-auto md:relative pt-14 pb-16 md:pt-16 md:pb-20\">\r\n\r\n\t\t\t<h2 class=\"text-2xl lg:text-3xl mb-4 md:mb-8 md:px-32\">Vol un pressupost a mesura?<\/h2>\r\n\t\t\t\t\r\n\t\t\t\t\t\t\t<a href=\"\/ca\/contacte\/\" class=\"button-primary\">\r\n\t\t\t\t\tContacta amb nosaltres\t\t\t\t<\/a>\r\n\t\t\t\r\n\t\t\t<div class=\"absolute right-0 top-0\" data-aos=\"fade\" data-aos-duration=\"1000\" data-aos-delay=\"150\">\r\n\t\t\t\t<svg class=\"w-12 md:w-28\" xmlns=\"http:\/\/www.w3.org\/2000\/svg\" viewBox=\"0 0 51.5 47.5\"><g fill=\"currentColor\"><path d=\"M2 0h20.4v23.3l-13 24.2H.2l11-23.6H2.1Z\"\/><path d=\"M31 0h20.4v23.3l-13 24.2h-9.2l11-23.6h-9.1Z\"\/><\/g><\/svg>\r\n\t\t\t<\/div>\r\n\r\n\t\t<\/div>\r\n\r\n\r\n\t<\/div>\r\n\r\n<\/section>","protected":false},"excerpt":{"rendered":"","protected":false},"author":2,"featured_media":484,"parent":0,"menu_order":0,"comment_status":"closed","ping_status":"closed","template":"","meta":{"_acf_changed":false,"content-type":"","_monsterinsights_skip_tracking":false,"_monsterinsights_sitenote_active":false,"_monsterinsights_sitenote_note":"","_monsterinsights_sitenote_category":0,"footnotes":""},"class_list":["post-748","page","type-page","status-publish","has-post-thumbnail","hentry"],"acf":[],"_links":{"self":[{"href":"https:\/\/www.coremosa.es\/ca\/wp-json\/wp\/v2\/pages\/748","targetHints":{"allow":["GET"]}}],"collection":[{"href":"https:\/\/www.coremosa.es\/ca\/wp-json\/wp\/v2\/pages"}],"about":[{"href":"https:\/\/www.coremosa.es\/ca\/wp-json\/wp\/v2\/types\/page"}],"author":[{"embeddable":true,"href":"https:\/\/www.coremosa.es\/ca\/wp-json\/wp\/v2\/users\/2"}],"replies":[{"embeddable":true,"href":"https:\/\/www.coremosa.es\/ca\/wp-json\/wp\/v2\/comments?post=748"}],"version-history":[{"count":14,"href":"https:\/\/www.coremosa.es\/ca\/wp-json\/wp\/v2\/pages\/748\/revisions"}],"predecessor-version":[{"id":2081,"href":"https:\/\/www.coremosa.es\/ca\/wp-json\/wp\/v2\/pages\/748\/revisions\/2081"}],"wp:featuredmedia":[{"embeddable":true,"href":"https:\/\/www.coremosa.es\/ca\/wp-json\/wp\/v2\/media\/484"}],"wp:attachment":[{"href":"https:\/\/www.coremosa.es\/ca\/wp-json\/wp\/v2\/media?parent=748"}],"curies":[{"name":"wp","href":"https:\/\/api.w.org\/{rel}","templated":true}]}}