{"id":730,"date":"2024-03-06T17:04:08","date_gmt":"2024-03-06T17:04:08","guid":{"rendered":"https:\/\/www.coremosa.es\/?page_id=730"},"modified":"2024-08-12T07:27:01","modified_gmt":"2024-08-12T07:27:01","slug":"equips-mes-segurs","status":"publish","type":"page","link":"https:\/\/www.coremosa.es\/ca\/equips-mes-segurs\/","title":{"rendered":"Impressores m\u00e9s segures"},"content":{"rendered":"\r\n<section  class=\"block-img-section py-12 md:py-16 lg:py-24\">\r\n    \r\n    <div class=\"flex flex-col gap-5 lg:grid lg:gap-y-12 lg:items-center  lg:grid-cols-2\">\r\n\r\n                    <div class=\"text-sm uppercase text-primary border-t border-primary pt-2.5 lg:col-span-2\">\r\n                Protegeix la teva informaci\u00f3 des de l&#8217;arrel            <\/div>\r\n        \r\n        <div class=\"lg:w-11\/12 lg:max-w-[610px]\">\r\n        \r\n                            <img loading=\"lazy\" decoding=\"async\" width=\"1710\" height=\"1907\" src=\"https:\/\/www.coremosa.es\/wp-content\/uploads\/2024\/04\/pexels-cottonbro-3201784-scaled-e1714038452993.jpg\" class=\"w-full h-full object-cover object-center\" alt=\"\" data-aos=\"fade\" data-aos-duration=\"1000\" data-aos-delay=\"200\" srcset=\"https:\/\/www.coremosa.es\/wp-content\/uploads\/2024\/04\/pexels-cottonbro-3201784-scaled-e1714038452993.jpg 1710w, https:\/\/www.coremosa.es\/wp-content\/uploads\/2024\/04\/pexels-cottonbro-3201784-scaled-e1714038452993-466x520.jpg 466w, https:\/\/www.coremosa.es\/wp-content\/uploads\/2024\/04\/pexels-cottonbro-3201784-scaled-e1714038452993-884x986.jpg 884w, https:\/\/www.coremosa.es\/wp-content\/uploads\/2024\/04\/pexels-cottonbro-3201784-scaled-e1714038452993-768x856.jpg 768w, https:\/\/www.coremosa.es\/wp-content\/uploads\/2024\/04\/pexels-cottonbro-3201784-scaled-e1714038452993-1377x1536.jpg 1377w, https:\/\/www.coremosa.es\/wp-content\/uploads\/2024\/04\/pexels-cottonbro-3201784-scaled-e1714038452993-341x380.jpg 341w\" sizes=\"auto, (max-width: 1710px) 100vw, 1710px\" \/>                    \r\n            \r\n            \r\n                        \r\n            \r\n        <\/div>\r\n\r\n        <div class=\"lg:max-w-[484px]\">\r\n        \r\n                                                <h2 class=\"text-2xl lg:text-3xl mb-2.5 md:mb-5 leading-tight\">\r\n                                    Venda d&#8217;impressores segures                                    <\/h2>\r\n                                        \r\n                            <div class=\"mb-5 md:mb-8\">\r\n                    <p>M\u00e9s de la meitat de les empreses no compten amb sistemes d&#8217;<strong>impressi\u00f3 segurs<\/strong> i aix\u00f2 suposa un objectiu clau per a hackers i <strong>fugues d&#8217;informaci\u00f3 confidencial<\/strong> de clients, treballadors i socis.<\/p>\n<p>No et conformis amb menys que la tranquil\u00b7litat total i descobreix les <strong>multifuncions SHARP<\/strong>, l\u00edders de mercat per la seva qualitat gr\u00e0fica i excel\u00b7l\u00e8ncia operativa.<\/p>\n<ul>\n<li>M\u00e0xima seguretat: Els sistemes SHARP compten amb la m\u00e0xima <strong>certificaci\u00f3 de privacitat TLS 1.3<\/strong><\/li>\n<li>Bitdefender: Incorpora l&#8217;antivirus millor valorat del mercat a la teva impressora SHARP.<\/li>\n<\/ul>\n                <\/div>\r\n                                        <div class=\"flex flex-wrap gap-x-5 gap-y-4\">\r\n                                            <a \r\n                            href=\"https:\/\/www.coremosa.es\/ca\/contacte\/\" \r\n                            class=\"button-primary\"\r\n                            target=\"_self\"\r\n                        >\r\n                            Descobreix m\u00e9s                        <\/a>\r\n                                    <\/div>\r\n                    <\/div>\r\n    <\/div>\r\n\r\n<\/section>\n\n<script type=\"application\/ld+json\">\n    {\n      \"@context\": \"https:\/\/schema.org\",\n      \"@type\": \"FAQPage\",\n      \"mainEntity\": [{\n                \"@type\": \"Question\",\n                \"name\": \"\u00bfPor qu\u00e9 es importante considerar la seguridad de la informaci\u00f3n al elegir sistemas de impresi\u00f3n para mi empresa?\",\n                \"acceptedAnswer\": {\n                    \"@type\": \"Answer\",\n                    \"text\": \"Considerar la seguridad de la informaci\u00f3n es fundamental para proteger los datos confidenciales de tu empresa. Los sistemas de impresi\u00f3n pueden representar un riesgo de seguridad si no se implementan medidas adecuadas, ya que los documentos impresos pueden contener informaci\u00f3n sensible que podr\u00eda ser comprometida si cae en manos equivocadas.\"\n                }\n            },{\n                \"@type\": \"Question\",\n                \"name\": \"\u00bfCu\u00e1les son los riesgos de seguridad asociados con las impresoras y fotocopiadoras de oficina?\",\n                \"acceptedAnswer\": {\n                    \"@type\": \"Answer\",\n                    \"text\": \"Los riesgos de seguridad asociados con las impresoras y fotocopiadoras incluyen la interceptaci\u00f3n de documentos impresos, el acceso no autorizado a funciones de red, la exposici\u00f3n de datos confidenciales en discos duros internos y la vulnerabilidad a ataques cibern\u00e9ticos que podr\u00edan comprometer la integridad de la informaci\u00f3n.\"\n                }\n            },{\n                \"@type\": \"Question\",\n                \"name\": \"\u00bfC\u00f3mo puedo proteger la privacidad de los documentos impresos en mi empresa?\",\n                \"acceptedAnswer\": {\n                    \"@type\": \"Answer\",\n                    \"text\": \"Puedes proteger la privacidad de los documentos impresos implementando medidas como la autenticaci\u00f3n de usuarios antes de imprimir, la encriptaci\u00f3n de datos sensibles, la configuraci\u00f3n de contrase\u00f1as para acceder a funciones avanzadas de las impresoras y la eliminaci\u00f3n segura de datos almacenados en los discos duros internos.\"\n                }\n            },{\n                \"@type\": \"Question\",\n                \"name\": \"\u00bfQu\u00e9 papel juegan las impresoras y fotocopiadoras en el cumplimiento de regulaciones de privacidad como GDPR?\",\n                \"acceptedAnswer\": {\n                    \"@type\": \"Answer\",\n                    \"text\": \"Las impresoras y fotocopiadoras juegan un papel importante en el cumplimiento de regulaciones de privacidad como GDPR al garantizar que se implementen medidas de seguridad adecuadas para proteger los datos personales de los individuos. Esto incluye el control de acceso a la informaci\u00f3n, la capacidad de auditar el uso de los dispositivos y la eliminaci\u00f3n segura de datos al final de su vida \u00fatil.\"\n                }\n            },{\n                \"@type\": \"Question\",\n                \"name\": \"\u00bfC\u00f3mo puedo evitar que documentos confidenciales sean interceptados durante el proceso de impresi\u00f3n?\",\n                \"acceptedAnswer\": {\n                    \"@type\": \"Answer\",\n                    \"text\": \"Para evitar la interceptaci\u00f3n de documentos confidenciales durante el proceso de impresi\u00f3n, puedes utilizar tecnolog\u00edas de impresi\u00f3n segura que requieran autenticaci\u00f3n del usuario antes de que se complete el trabajo de impresi\u00f3n. Tambi\u00e9n es importante mantener la impresora en un lugar seguro y proteger la red de acceso no autorizado.\"\n                }\n            },{\n                \"@type\": \"Question\",\n                \"name\": \"\u00bfCu\u00e1l es el riesgo de dejar datos en los discos duros internos de las impresoras y fotocopiadoras al desecharlas?\",\n                \"acceptedAnswer\": {\n                    \"@type\": \"Answer\",\n                    \"text\": \"Dejar datos en los discos duros internos de las impresoras y fotocopiadoras al desecharlas puede representar un riesgo de seguridad, ya que los datos almacenados podr\u00edan ser recuperados por personas no autorizadas. Es importante eliminar de forma segura todos los datos almacenados antes de desechar o reciclar los dispositivos. Coremosa al tener la ISO27001 est\u00e1 certificada para llevar a cabo esta tarea.\"\n                }\n            },{\n                \"@type\": \"Question\",\n                \"name\": \"\u00bfCu\u00e1l es el impacto de una brecha de seguridad en las impresoras y fotocopiadoras en la reputaci\u00f3n de mi empresa?\",\n                \"acceptedAnswer\": {\n                    \"@type\": \"Answer\",\n                    \"text\": \"Una brecha de seguridad en las impresoras y fotocopiadoras puede tener un impacto significativo en la reputaci\u00f3n de tu empresa, erosionando la confianza de los clientes y socios comerciales. Demostrar un compromiso con la seguridad de la informaci\u00f3n es esencial para proteger la reputaci\u00f3n de tu empresa.\"\n                }\n}]\n}<\/script>\n<section  class=\"block-faqs py-12 md:py-16 lg:py-24\">\n\n    <div class=\"\">\n                        \n                    <h2 class=\"text-center mb-10\">\n                Preguntes freq\u00fcents            <\/h2>\n        \n                    <dl class=\"accordion max-w-screen-xl mx-auto border-b border-primary\">\n\n                \n                    <dt class=\"accordion__button cursor-pointer font-normal border-t border-primary text-lg pr-4 pt-4 pb-5 relative\">\r\n    Per qu\u00e8 \u00e9s important considerar la seguretat de la informaci\u00f3 en triar sistemes d&#8217;impressi\u00f3 per a la meva empresa?<\/dt>\r\n\r\n<dd class=\"accordion__content m-0\">\r\n    <div class=\"pb-2\">\r\n        <p>Considerar la seguretat de la informaci\u00f3 \u00e9s fonamental per a protegir les dades confidencials de la teva empresa. Els sistemes d&#8217;impressi\u00f3 poden representar un risc de seguretat si no s&#8217;implementen mesures adequades, ja que els documents impresos poden contenir informaci\u00f3 sensible que podria ser compromesa si cau en mans equivocades.<\/p>\n    <\/div>\r\n<\/dd>\n                \n                    <dt class=\"accordion__button cursor-pointer font-normal border-t border-primary text-lg pr-4 pt-4 pb-5 relative\">\r\n    Quins s\u00f3n els riscos de seguretat associats amb les impressores i fotocopiadores d&#8217;oficina?<\/dt>\r\n\r\n<dd class=\"accordion__content m-0\">\r\n    <div class=\"pb-2\">\r\n        <p>Els riscos de seguretat associats amb les impressores i fotocopiadores inclouen la intercepci\u00f3 de documents impresos, l&#8217;acc\u00e9s no autoritzat a funcions de xarxa, l&#8217;exposici\u00f3 de dades confidencials en discos durs interns i la vulnerabilitat a atacs cibern\u00e8tics que podrien comprometre la integritat de la informaci\u00f3.<\/p>\n    <\/div>\r\n<\/dd>\n                \n                    <dt class=\"accordion__button cursor-pointer font-normal border-t border-primary text-lg pr-4 pt-4 pb-5 relative\">\r\n    Com puc protegir la privacitat dels documents impresos en la meva empresa?<\/dt>\r\n\r\n<dd class=\"accordion__content m-0\">\r\n    <div class=\"pb-2\">\r\n        <p>Pots protegir la privacitat dels documents impresos implementant mesures com l&#8217;autenticaci\u00f3 d&#8217;usuaris abans d&#8217;imprimir, l&#8217;encriptaci\u00f3 de dades sensibles, la configuraci\u00f3 de contrasenyes per a accedir a funcions avan\u00e7ades de les impressores i l&#8217;eliminaci\u00f3 segura de dades emmagatzemades en els discos durs interns.<\/p>\n    <\/div>\r\n<\/dd>\n                \n                    <dt class=\"accordion__button cursor-pointer font-normal border-t border-primary text-lg pr-4 pt-4 pb-5 relative\">\r\n    Quin paper juguen les impressores i fotocopiadores en el compliment de regulacions de privacitat com GDPR?<\/dt>\r\n\r\n<dd class=\"accordion__content m-0\">\r\n    <div class=\"pb-2\">\r\n        <p>Les impressores i fotocopiadores juguen un paper important en el compliment de regulacions de privacitat com GDPR en garantir que s&#8217;implementin mesures de seguretat adequades per a protegir les dades personals dels individus. Aix\u00f2 inclou el control d&#8217;acc\u00e9s a la informaci\u00f3, la capacitat d&#8217;auditar l&#8217;\u00fas dels dispositius i l&#8217;eliminaci\u00f3 segura de dades al final de la seva vida \u00fatil.<\/p>\n    <\/div>\r\n<\/dd>\n                \n                    <dt class=\"accordion__button cursor-pointer font-normal border-t border-primary text-lg pr-4 pt-4 pb-5 relative\">\r\n    Com puc evitar que documents confidencials siguin interceptats durant el proc\u00e9s d&#8217;impressi\u00f3?<\/dt>\r\n\r\n<dd class=\"accordion__content m-0\">\r\n    <div class=\"pb-2\">\r\n        <p>Per a evitar la intercepci\u00f3 de documents confidencials durant el proc\u00e9s d&#8217;impressi\u00f3, pots utilitzar tecnologies d&#8217;impressi\u00f3 segura que requereixin autenticaci\u00f3 de l&#8217;usuari abans que es completi el treball d&#8217;impressi\u00f3. Tamb\u00e9 \u00e9s important mantenir la impressora en un lloc segur i protegir la xarxa d&#8217;acc\u00e9s no autoritzat.<\/p>\n    <\/div>\r\n<\/dd>\n                \n                    <dt class=\"accordion__button cursor-pointer font-normal border-t border-primary text-lg pr-4 pt-4 pb-5 relative\">\r\n    Quin \u00e9s el risc de deixar dades en els discos durs interns de les impressores i fotocopiadores en rebutjar-les?<\/dt>\r\n\r\n<dd class=\"accordion__content m-0\">\r\n    <div class=\"pb-2\">\r\n        <p>Deixar dades als discos durs interns de les impressores i fotocopiadores pot representar un risc de seguretat, ja que les dades emmagatzemades podrien ser recuperades per persones no autoritzades. \u00c9s important eliminar de manera segura totes les dades emmagatzemades. Coremosa en tindre l&#8217;ISO27001 est\u00e0 certificada per a dur a terme aquesta tasca.<\/p>\n    <\/div>\r\n<\/dd>\n                \n                    <dt class=\"accordion__button cursor-pointer font-normal border-t border-primary text-lg pr-4 pt-4 pb-5 relative\">\r\n    Quin \u00e9s l&#8217;impacte d&#8217;una bretxa de seguretat en les impressores i fotocopiadores en la reputaci\u00f3 de la meva empresa?<\/dt>\r\n\r\n<dd class=\"accordion__content m-0\">\r\n    <div class=\"pb-2\">\r\n        <p>Una bretxa de seguretat en les impressores i fotocopiadores pot tenir un impacte significatiu en la reputaci\u00f3 de la teva empresa, erosionant la confian\u00e7a dels clients i socis. Demostrar un comprom\u00eds amb la seguretat de la informaci\u00f3 \u00e9s essencial per a protegir la reputaci\u00f3 de la teva empresa.<\/p>\n    <\/div>\r\n<\/dd>\n                \n            <\/dl>\n        \n    <\/div>\n\n<\/section>\n\n\r\n<section  class=\"block-cta wp-elements-4c563d762b7fa91386136ee0f14bac8d alignfull has-background has-gray-800-background-color has-text-color has-white-color text-center relative\"> <!-- section -->\r\n\r\n    <div class=\"container\"> <!-- if is a full width section, apply container -->\r\n\r\n\t\t<div class=\"max-w-4xl mx-auto md:relative pt-14 pb-16 md:pt-16 md:pb-20\">\r\n\r\n\t\t\t<h2 class=\"text-2xl lg:text-3xl mb-4 md:mb-8 md:px-32\">Tens dubtes? T&#8217;ajudem<\/h2>\r\n\t\t\t\t\r\n\t\t\t\t\t\t\t<a href=\"\/ca\/contacte\/\" class=\"button-primary\">\r\n\t\t\t\t\tContacta amb nosaltres\t\t\t\t<\/a>\r\n\t\t\t\r\n\t\t\t<div class=\"absolute right-0 top-0\" data-aos=\"fade\" data-aos-duration=\"1000\" data-aos-delay=\"150\">\r\n\t\t\t\t<svg class=\"w-12 md:w-28\" xmlns=\"http:\/\/www.w3.org\/2000\/svg\" viewBox=\"0 0 51.5 47.5\"><g fill=\"currentColor\"><path d=\"M2 0h20.4v23.3l-13 24.2H.2l11-23.6H2.1Z\"\/><path d=\"M31 0h20.4v23.3l-13 24.2h-9.2l11-23.6h-9.1Z\"\/><\/g><\/svg>\r\n\t\t\t<\/div>\r\n\r\n\t\t<\/div>\r\n\r\n\r\n\t<\/div>\r\n\r\n<\/section>","protected":false},"excerpt":{"rendered":"","protected":false},"author":2,"featured_media":459,"parent":0,"menu_order":0,"comment_status":"closed","ping_status":"closed","template":"","meta":{"_acf_changed":false,"content-type":"","_monsterinsights_skip_tracking":false,"_monsterinsights_sitenote_active":false,"_monsterinsights_sitenote_note":"","_monsterinsights_sitenote_category":0,"footnotes":""},"class_list":["post-730","page","type-page","status-publish","has-post-thumbnail","hentry"],"acf":[],"_links":{"self":[{"href":"https:\/\/www.coremosa.es\/ca\/wp-json\/wp\/v2\/pages\/730","targetHints":{"allow":["GET"]}}],"collection":[{"href":"https:\/\/www.coremosa.es\/ca\/wp-json\/wp\/v2\/pages"}],"about":[{"href":"https:\/\/www.coremosa.es\/ca\/wp-json\/wp\/v2\/types\/page"}],"author":[{"embeddable":true,"href":"https:\/\/www.coremosa.es\/ca\/wp-json\/wp\/v2\/users\/2"}],"replies":[{"embeddable":true,"href":"https:\/\/www.coremosa.es\/ca\/wp-json\/wp\/v2\/comments?post=730"}],"version-history":[{"count":9,"href":"https:\/\/www.coremosa.es\/ca\/wp-json\/wp\/v2\/pages\/730\/revisions"}],"predecessor-version":[{"id":1541,"href":"https:\/\/www.coremosa.es\/ca\/wp-json\/wp\/v2\/pages\/730\/revisions\/1541"}],"wp:featuredmedia":[{"embeddable":true,"href":"https:\/\/www.coremosa.es\/ca\/wp-json\/wp\/v2\/media\/459"}],"wp:attachment":[{"href":"https:\/\/www.coremosa.es\/ca\/wp-json\/wp\/v2\/media?parent=730"}],"curies":[{"name":"wp","href":"https:\/\/api.w.org\/{rel}","templated":true}]}}