{"id":726,"date":"2024-02-15T11:49:52","date_gmt":"2024-02-15T11:49:52","guid":{"rendered":"https:\/\/www.coremosa.es\/?page_id=726"},"modified":"2025-07-04T15:01:05","modified_gmt":"2025-07-04T15:01:05","slug":"contacte","status":"publish","type":"page","link":"https:\/\/www.coremosa.es\/ca\/contacte\/","title":{"rendered":"Contacte"},"content":{"rendered":"\r\n<section  class=\"block-map alignfull py-12 md:pb-16 relative\"> <!-- section -->\r\n\r\n    <div class=\"container\"> <!-- if is a full width section, apply container -->\r\n\r\n\t\t<div class=\"w-full lg:w-1\/2 lg:pt-2.5\">\r\n\r\n\t\t\t<h1 class=\"mb-5 text-3xl md:text-4xl lg:text-5xl mb-4 leading-none\">Contacta amb nosaltres<\/h1>\r\n\t\t\t\t\t\t\t<p class=\"mb-9 max-w-2xl 2xl:w-5\/6\">\r\n\t\t\t\t\tSi es para solicitar informaci\u00f3n general puedes llamarnos a nuestras oficinas de Barcelona o enviarnos un correo electr\u00f3nico.\t\t\t\t<\/p>\r\n\t\t\t\r\n\t\t\t\t\t\t\t<ul class=\"map-list list-none m-0 grid gap-5 md:grid-cols-2 2xl:grid-cols-3 text-xs\">\r\n\t\t\t\t\t\t\t\t\t\t\t<li \r\n\t\t\t\t\t\t\tclass=\"map-list__item m-0 cursor-pointer p-6 lg:pb-9 bg-primary-100 transition-shadow shadow-none hover:shadow map-list__item--active\"\r\n\t\t\t\t\t\t\tdata-map=\"#map__0--69f9f898d8ff6\" \r\n\t\t\t\t\t\t>\r\n\t\t\t\t\t\t\t<img \r\n\t\t\t\t\t\t\t\tsrc=\"https:\/\/www.coremosa.es\/wp-content\/themes\/ltw-aqua\/assets\/img\/map-pin.svg\" \r\n\t\t\t\t\t\t\t\tclass=\"mb-2.5\"\r\n\t\t\t\t\t\t\t\talt=\"\"\r\n\t\t\t\t\t\t\t\tloading=\"lazy\"\r\n\t\t\t\t\t\t\t\twidth=\"18\"\r\n\t\t\t\t\t\t\t\theight=\"22\"\r\n\t\t\t\t\t\t\t>\r\n\r\n\t\t\t\t\t\t\t<h2 class=\"text-lg font-medium mb-2 mt-0\">Barcelona<\/h2>\r\n\t\t\t\t\t\t\t<ul class=\"list-none m-0\">\r\n\r\n\t\t\t\t\t\t\t\t\t\t\t\t\t\t\t\t\t<li class=\"m-0\">Avda. Diagonal, 263 &#8211; 267 <br \/>\r\n08013 \u2014 Barcelona<\/li>\r\n\t\t\t\t\t\t\t\t\r\n\t\t\t\t\t\t\t\t\t\t\t\t\t\t\t\t\t<li class=\"m-0 address-list--icon address-list--phone\"><a href=\"tel:+34932651700\" title=\"Ll\u00e1manos por tel\u00e9fono\">+34 932 651 700<\/a><\/li>\r\n\t\t\t\t\t\t\t\t\r\n\t\t\t\t\t\t\t\t\t\t\t\t\t\t\t\t\t<li class=\"m-0 address-list--icon address-list--fax\">+34 932 651 581<\/li>\r\n\t\t\t\t\t\t\t\t\r\n\t\t\t\t\t\t\t\t\t\t\t\t\t\t\t\t\t<li class=\"m-0 address-list--icon address-list--mail\"><a href=\"mailto:coremo@coremosa.es\" title=\"M\u00e1ndanos un email\">coremo@coremosa.es<\/a><\/li>\r\n\t\t\t\t\t\t\t\t\r\n\t\t\t\t\t\t\t<\/ul>\r\n\r\n\t\t\t\t\t\t<\/li>\r\n\t\t\t\t\t\t\t\t\t\t\t<li \r\n\t\t\t\t\t\t\tclass=\"map-list__item m-0 cursor-pointer p-6 lg:pb-9 bg-primary-100 transition-shadow shadow-none hover:shadow\"\r\n\t\t\t\t\t\t\tdata-map=\"#map__1--69f9f898d8ff6\" \r\n\t\t\t\t\t\t>\r\n\t\t\t\t\t\t\t<img \r\n\t\t\t\t\t\t\t\tsrc=\"https:\/\/www.coremosa.es\/wp-content\/themes\/ltw-aqua\/assets\/img\/map-pin.svg\" \r\n\t\t\t\t\t\t\t\tclass=\"mb-2.5\"\r\n\t\t\t\t\t\t\t\talt=\"\"\r\n\t\t\t\t\t\t\t\tloading=\"lazy\"\r\n\t\t\t\t\t\t\t\twidth=\"18\"\r\n\t\t\t\t\t\t\t\theight=\"22\"\r\n\t\t\t\t\t\t\t>\r\n\r\n\t\t\t\t\t\t\t<h2 class=\"text-lg font-medium mb-2 mt-0\">Girona<\/h2>\r\n\t\t\t\t\t\t\t<ul class=\"list-none m-0\">\r\n\r\n\t\t\t\t\t\t\t\t\t\t\t\t\t\t\t\t\t<li class=\"m-0\">Antoni Rovira i Virgili, 6<br \/>\r\n17180 \u2014 Vilablareix (Girona)<\/li>\r\n\t\t\t\t\t\t\t\t\r\n\t\t\t\t\t\t\t\t\t\t\t\t\t\t\t\t\t<li class=\"m-0 address-list--icon address-list--phone\"><a href=\"tel:+34972242143\" title=\"Ll\u00e1manos por tel\u00e9fono\">+34 972 24 21 43<\/a><\/li>\r\n\t\t\t\t\t\t\t\t\r\n\t\t\t\t\t\t\t\t\t\t\t\t\t\t\t\t\t<li class=\"m-0 address-list--icon address-list--fax\">+34 972 24 10 55<\/li>\r\n\t\t\t\t\t\t\t\t\r\n\t\t\t\t\t\t\t\t\t\t\t\t\t\t\t\t\t<li class=\"m-0 address-list--icon address-list--mail\"><a href=\"mailto:girona@coremosa.es\" title=\"M\u00e1ndanos un email\">girona@coremosa.es<\/a><\/li>\r\n\t\t\t\t\t\t\t\t\r\n\t\t\t\t\t\t\t<\/ul>\r\n\r\n\t\t\t\t\t\t<\/li>\r\n\t\t\t\t\t\t\t\t\t\t\t<li \r\n\t\t\t\t\t\t\tclass=\"map-list__item m-0 cursor-pointer p-6 lg:pb-9 bg-primary-100 transition-shadow shadow-none hover:shadow\"\r\n\t\t\t\t\t\t\tdata-map=\"#map__2--69f9f898d8ff6\" \r\n\t\t\t\t\t\t>\r\n\t\t\t\t\t\t\t<img \r\n\t\t\t\t\t\t\t\tsrc=\"https:\/\/www.coremosa.es\/wp-content\/themes\/ltw-aqua\/assets\/img\/map-pin.svg\" \r\n\t\t\t\t\t\t\t\tclass=\"mb-2.5\"\r\n\t\t\t\t\t\t\t\talt=\"\"\r\n\t\t\t\t\t\t\t\tloading=\"lazy\"\r\n\t\t\t\t\t\t\t\twidth=\"18\"\r\n\t\t\t\t\t\t\t\theight=\"22\"\r\n\t\t\t\t\t\t\t>\r\n\r\n\t\t\t\t\t\t\t<h2 class=\"text-lg font-medium mb-2 mt-0\">Zaragoza<\/h2>\r\n\t\t\t\t\t\t\t<ul class=\"list-none m-0\">\r\n\r\n\t\t\t\t\t\t\t\t\t\t\t\t\t\t\t\t\t<li class=\"m-0\">Pl. Emilio Alfaro Gracia, 2<br \/>\r\n50004 \u2014 Zaragoza<\/li>\r\n\t\t\t\t\t\t\t\t\r\n\t\t\t\t\t\t\t\t\t\t\t\t\t\t\t\t\t<li class=\"m-0 address-list--icon address-list--phone\"><a href=\"tel:+34976438003\" title=\"Ll\u00e1manos por tel\u00e9fono\">+34 976 438 003<\/a><\/li>\r\n\t\t\t\t\t\t\t\t\r\n\t\t\t\t\t\t\t\t\t\t\t\t\t\t\t\t\t<li class=\"m-0 address-list--icon address-list--fax\">+34 976 285 669<\/li>\r\n\t\t\t\t\t\t\t\t\r\n\t\t\t\t\t\t\t\t\t\t\t\t\t\t\t\t\t<li class=\"m-0 address-list--icon address-list--mail\"><a href=\"mailto:aragon@coremosa.es\" title=\"M\u00e1ndanos un email\">aragon@coremosa.es<\/a><\/li>\r\n\t\t\t\t\t\t\t\t\r\n\t\t\t\t\t\t\t<\/ul>\r\n\r\n\t\t\t\t\t\t<\/li>\r\n\t\t\t\t\t\t\t\t\t<\/ul>\r\n\t\t\t\t\r\n\t\t\t\t\t\t\r\n\t\t\t\t\t\t\t\t\t\t\t<div \r\n\t\t\t\t\t\t\tid=\"map__0--69f9f898d8ff6\" \r\n\t\t\t\t\t\t\tclass=\"block-map__map aspect-video lg:aspect-auto lg:absolute lg:inset-y-0 lg:right-0 lg:pl-2.5 lg:w-5\/12 mt-5 lg:mt-0 block-map__map--active\"\r\n\t\t\t\t\t\t>\r\n\t\t\t\t\t\t\t<iframe src=\"https:\/\/www.google.com\/maps\/embed?pb=!1m18!1m12!1m3!1d2992.7474542577957!2d2.1770723765666484!3d41.40129059513183!2m3!1f0!2f0!3f0!3m2!1i1024!2i768!4f13.1!3m3!1m2!1s0x12a4a2de08b85feb%3A0x7dc7de04811bd8d2!2sCoremosa!5e0!3m2!1ses!2ses!4v1709554565598!5m2!1ses!2ses\" width=\"800\" height=\"600\" style=\"border:0;\" allowfullscreen=\"\" loading=\"lazy\" referrerpolicy=\"no-referrer-when-downgrade\"><\/iframe>\t\t\t\t\t\t<\/div>\r\n\t\t\t\t\t\t\t\r\n\t\t\t\t\t\t\r\n\t\t\t\t\t\t\t\t\t\t\t<div \r\n\t\t\t\t\t\t\tid=\"map__1--69f9f898d8ff6\" \r\n\t\t\t\t\t\t\tclass=\"block-map__map aspect-video lg:aspect-auto lg:absolute lg:inset-y-0 lg:right-0 lg:pl-2.5 lg:w-5\/12 mt-5 lg:mt-0\"\r\n\t\t\t\t\t\t>\r\n\t\t\t\t\t\t\t<iframe src=\"https:\/\/www.google.com\/maps\/embed?pb=!1m18!1m12!1m3!1d2967.511188419123!2d2.795225076587047!3d41.94635396113723!2m3!1f0!2f0!3f0!3m2!1i1024!2i768!4f13.1!3m3!1m2!1s0x12bae19c9a619aff%3A0x7c0f9efd9c0ce5b2!2sCoremosa%20Girona!5e0!3m2!1ses!2ses!4v1709555300906!5m2!1ses!2ses\" width=\"600\" height=\"450\" style=\"border:0;\" allowfullscreen=\"\" loading=\"lazy\" referrerpolicy=\"no-referrer-when-downgrade\"><\/iframe>\t\t\t\t\t\t<\/div>\r\n\t\t\t\t\t\t\t\r\n\t\t\t\t\t\t\r\n\t\t\t\t\t\t\t\t\t\t\t<div \r\n\t\t\t\t\t\t\tid=\"map__2--69f9f898d8ff6\" \r\n\t\t\t\t\t\t\tclass=\"block-map__map aspect-video lg:aspect-auto lg:absolute lg:inset-y-0 lg:right-0 lg:pl-2.5 lg:w-5\/12 mt-5 lg:mt-0\"\r\n\t\t\t\t\t\t>\r\n\t\t\t\t\t\t\t<iframe src=\"https:\/\/www.google.com\/maps\/embed?pb=!1m18!1m12!1m3!1d2980.8941626717283!2d-0.8964042234237458!3d41.65802867916351!2m3!1f0!2f0!3f0!3m2!1i1024!2i768!4f13.1!3m3!1m2!1s0xd5914b89a8e2617%3A0x7078b58a61eeebf2!2sCoremosa%20Arag%C3%B3n!5e0!3m2!1ses!2ses!4v1709555391664!5m2!1ses!2ses\" width=\"600\" height=\"450\" style=\"border:0;\" allowfullscreen=\"\" loading=\"lazy\" referrerpolicy=\"no-referrer-when-downgrade\"><\/iframe>\t\t\t\t\t\t<\/div>\r\n\t\t\t\t\t\t\t\r\n\t\t\t\t\r\n\t\t\t\r\n\r\n\t\t\t\t\t\t\t<div class=\"mt-8 lg:mt-16\">\r\n\t\t\t\t\tTambi\u00e9n puedes rellenar el siguiente formulario:\t\t\t\t<\/div>\r\n\t\t\t\r\n\t\t<\/div>\r\n\r\n\t<\/div>\r\n\r\n<\/section>\n\n\r\n\r\n<section  class=\"block-contactform wp-elements-5d1438a6fedcb2d2de40372c4a094e0d alignfull has-background has-gray-900-background-color has-text-color has-white-color relative\"> <!-- section -->\r\n\r\n    <div class=\"container\"> <!-- if is a full width section, apply container -->\r\n\r\n\t\t<div class=\"mx-auto max-w-7xl md:relative pt-14 pb-16 md:pt-16 md:pb-20\">\r\n\r\n\t\t\t<h2 class=\"text-2xl lg:text-3xl mb-4 md:mb-8 md:px-32 text-center lg:mb-20\">Formulari<\/h2>\t\r\n\t\t\t\n<div class=\"wpcf7 no-js\" id=\"wpcf7-f1138-o1\" lang=\"ca\" dir=\"ltr\">\n<div class=\"screen-reader-response\"><p role=\"status\" aria-live=\"polite\" aria-atomic=\"true\"><\/p> <ul><\/ul><\/div>\n<form action=\"\/ca\/wp-json\/wp\/v2\/pages\/726#wpcf7-f1138-o1\" method=\"post\" class=\"wpcf7-form init\" aria-label=\"Formulari de contacte\" novalidate=\"novalidate\" data-status=\"init\">\n<div style=\"display: none;\">\n<input type=\"hidden\" name=\"_wpcf7\" value=\"1138\" \/>\n<input type=\"hidden\" name=\"_wpcf7_version\" value=\"5.9.4\" \/>\n<input type=\"hidden\" name=\"_wpcf7_locale\" value=\"ca\" \/>\n<input type=\"hidden\" name=\"_wpcf7_unit_tag\" value=\"wpcf7-f1138-o1\" \/>\n<input type=\"hidden\" name=\"_wpcf7_container_post\" value=\"0\" \/>\n<input type=\"hidden\" name=\"_wpcf7_posted_data_hash\" value=\"\" \/>\n<input type=\"hidden\" name=\"_wpcf7_recaptcha_response\" value=\"\" \/>\n<\/div>\n<div class=\"main-contact-form\">\n<div class=\"fields-group\">\n<div>\n<label for=\"cf-name\">Nom<\/label>\n<span class=\"wpcf7-form-control-wrap\" data-name=\"cf-name\"><input size=\"40\" class=\"wpcf7-form-control wpcf7-text wpcf7-validates-as-required\" id=\"cf-name\" aria-required=\"true\" aria-invalid=\"false\" value=\"\" type=\"text\" name=\"cf-name\" \/><\/span>\n<\/div>\n<div>\n<label for=\"cf-company\">Empresa o instituci\u00f3<\/label>\n<span class=\"wpcf7-form-control-wrap\" data-name=\"cf-company\"><input size=\"40\" class=\"wpcf7-form-control wpcf7-text wpcf7-validates-as-required\" id=\"cf-company\" aria-required=\"true\" aria-invalid=\"false\" value=\"\" type=\"text\" name=\"cf-company\" \/><\/span>\n<\/div>\n<\/div>\n<div class=\"fields-group\">\n<div>\n<label for=\"cf-email\">Correu electr\u00f2nic<\/label>\n<span class=\"wpcf7-form-control-wrap\" data-name=\"cf-email\"><input size=\"40\" class=\"wpcf7-form-control wpcf7-email wpcf7-validates-as-required wpcf7-text wpcf7-validates-as-email\" id=\"cf-email\" aria-required=\"true\" aria-invalid=\"false\" value=\"\" type=\"email\" name=\"cf-email\" \/><\/span>\n<\/div>\n<div>\n<label for=\"cf-phone\">Tel\u00e8fon<\/label>\n<span class=\"wpcf7-form-control-wrap\" data-name=\"cf-phone\"><input size=\"40\" class=\"wpcf7-form-control wpcf7-tel wpcf7-validates-as-required wpcf7-text wpcf7-validates-as-tel\" id=\"cf-phone\" aria-required=\"true\" aria-invalid=\"false\" value=\"\" type=\"tel\" name=\"cf-phone\" \/><\/span>\n<\/div>\n<\/div>\n<div class=\"field-single\">\n<label for=\"cf-comments\">Comentaris<\/label>\n<span class=\"wpcf7-form-control-wrap\" data-name=\"cf-comments\"><textarea cols=\"40\" rows=\"4\" class=\"wpcf7-form-control wpcf7-textarea wpcf7-validates-as-required\" id=\"cf-comments\" aria-required=\"true\" aria-invalid=\"false\" name=\"cf-comments\"><\/textarea><\/span>\n<\/div>\n<div class=\"full\">\n<span class=\"wpcf7-form-control-wrap\" data-name=\"cf-acceptance\"><span class=\"wpcf7-form-control wpcf7-acceptance\"><span class=\"wpcf7-list-item\"><label><input type=\"checkbox\" name=\"cf-acceptance\" value=\"1\" id=\"cf-acceptance\" aria-invalid=\"false\" \/><span class=\"wpcf7-list-item-label\">He llegit i accepto la <a href=\"\/ca\/politica-de-privacitat\/\" target=\"_blank\">pol\u00edtica de privacitat<\/a><\/span><\/label><\/span><\/span><\/span>\n<\/div>\n\n<span class=\"wpcf7-form-control-wrap recaptcha\" data-name=\"recaptcha\"><span data-sitekey=\"6LedDMwpAAAAACyXG6OgddXloO1P-frCH2862G3B\" class=\"wpcf7-form-control wpcf7-recaptcha g-recaptcha\"><\/span>\r\n<noscript>\r\n\t<div class=\"grecaptcha-noscript\">\r\n\t\t<iframe loading=\"lazy\" src=\"https:\/\/www.google.com\/recaptcha\/api\/fallback?k=6LedDMwpAAAAACyXG6OgddXloO1P-frCH2862G3B\" frameborder=\"0\" scrolling=\"no\" width=\"310\" height=\"430\">\r\n\t\t<\/iframe>\r\n\t\t<textarea name=\"g-recaptcha-response\" rows=\"3\" cols=\"40\" placeholder=\"reCaptcha Response Here\">\r\n\t\t<\/textarea>\r\n\t<\/div>\r\n<\/noscript>\r\n<\/span>\n\n<div class=\"full text-center\">\n<input class=\"wpcf7-form-control wpcf7-submit has-spinner ct-link-button btn-primary\" id=\"cf-send\" type=\"submit\" value=\"Enviar\" \/>\n<\/div>\n<\/div><div class=\"wpcf7-response-output\" aria-hidden=\"true\"><\/div>\n<\/form>\n<\/div>\n\r\n\t\t\t<div class=\"absolute right-0 top-0\" data-aos=\"fade\" data-aos-duration=\"1000\" data-aos-delay=\"150\">\r\n\t\t\t\t<svg class=\"w-12 md:w-28\" xmlns=\"http:\/\/www.w3.org\/2000\/svg\" viewBox=\"0 0 51.5 47.5\"><g fill=\"currentColor\"><path d=\"M2 0h20.4v23.3l-13 24.2H.2l11-23.6H2.1Z\"\/><path d=\"M31 0h20.4v23.3l-13 24.2h-9.2l11-23.6h-9.1Z\"\/><\/g><\/svg>\r\n\t\t\t<\/div>\r\n\r\n\t\t<\/div>\r\n\r\n\r\n\t<\/div>\r\n\r\n<\/section>\n\n\n<h2 class=\"wp-block-heading has-text-align-center\">Formulari<\/h2>\n\n\n\n<div class=\"wp-block-leadin-hubspot-form-block\">\n\t\t\t\t\t\t<script>\n\t\t\t\t\t\t\twindow.hsFormsOnReady = window.hsFormsOnReady || [];\n\t\t\t\t\t\t\twindow.hsFormsOnReady.push(()=>{\n\t\t\t\t\t\t\t\thbspt.forms.create({\n\t\t\t\t\t\t\t\t\tportalId: 27088429,\n\t\t\t\t\t\t\t\t\tformId: \"a18a6805-cf18-4c74-919c-22857ba436d2\",\n\t\t\t\t\t\t\t\t\ttarget: \"#hbspt-form-1777989784000-7631032626\",\n\t\t\t\t\t\t\t\t\tregion: \"eu1\",\n\t\t\t\t\t\t\t\t\t\n\t\t\t\t\t\t\t})});\n\t\t\t\t\t\t<\/script>\n\t\t\t\t\t\t<div class=\"hbspt-form\" id=\"hbspt-form-1777989784000-7631032626\"><\/div><\/div>\n\n\n<script type=\"application\/ld+json\">\n    {\n      \"@context\": \"https:\/\/schema.org\",\n      \"@type\": \"FAQPage\",\n      \"mainEntity\": [{\n                \"@type\": \"Question\",\n                \"name\": \"\u00bfQu\u00e9 soluciones ofrece Coremosa?\",\n                \"acceptedAnswer\": {\n                    \"@type\": \"Answer\",\n                    \"text\": \"Coremosa ofrece una amplia gama de soluciones integrales para empresas y profesionales, incluyendo: (i) distribuci\u00f3n, venta y mantenimiento de maquinaria reprogr\u00e1fica,\u00a0 (ii) soluciones audiovisuales, (iii) mobiliario de oficina y (iv) un ecommerce donde hay m\u00e1s de 90.000 referencias de material de oficina, papeler\u00eda e inform\u00e1tica\"\n                }\n            },{\n                \"@type\": \"Question\",\n                \"name\": \"\u00bfCu\u00e1l es el proceso de instalaci\u00f3n y mantenimiento de las soluciones ofrecidas por Coremosa?\",\n                \"acceptedAnswer\": {\n                    \"@type\": \"Answer\",\n                    \"text\": \"El proceso de instalaci\u00f3n y mantenimiento var\u00eda seg\u00fan el tipo de soluci\u00f3n. Nuestro equipo de expertos se encargar\u00e1 de todo el proceso, desde la planificaci\u00f3n hasta la instalaci\u00f3n y el mantenimiento continuo, garantizando un servicio de calidad en cada etapa.\"\n                }\n}]\n}<\/script>\n<section  class=\"block-faqs py-12 md:py-16 lg:py-24\">\n\n    <div class=\"\">\n                        \n                    <h2 class=\"text-center mb-10\">\n                Preguntes freq\u00fcents            <\/h2>\n        \n                    <dl class=\"accordion max-w-screen-xl mx-auto border-b border-primary\">\n\n                \n                    <dt class=\"accordion__button cursor-pointer font-normal border-t border-primary text-lg pr-4 pt-4 pb-5 relative\">\r\n    Quines solucions ofereix Coremosa?<\/dt>\r\n\r\n<dd class=\"accordion__content m-0\">\r\n    <div class=\"pb-2\">\r\n        <p>Coremosa ofereix una \u00e0mplia gamma de solucions integrals per a empreses i professionals, incloent: (i) distribuci\u00f3, venda i manteniment de maquin\u00e0ria reprogr\u00e0fica,\u00a0 (ii) solucions audiovisuals, (iii) mobiliari d&#8217;oficina i (iv) un ecommerce on hi ha m\u00e9s de 90.000 refer\u00e8ncies de material d&#8217;oficina, papereria i inform\u00e0tica entre d&#8217;altres.<\/p>\n    <\/div>\r\n<\/dd>\n                \n                    <dt class=\"accordion__button cursor-pointer font-normal border-t border-primary text-lg pr-4 pt-4 pb-5 relative\">\r\n    Quin \u00e9s el proc\u00e9s d&#8217;instal\u00b7laci\u00f3 i manteniment de les solucions ofertes per Coremosa?<\/dt>\r\n\r\n<dd class=\"accordion__content m-0\">\r\n    <div class=\"pb-2\">\r\n        <p>El proc\u00e9s d&#8217;instal\u00b7laci\u00f3 i manteniment varia segons el tipus de soluci\u00f3. El nostre equip d&#8217;experts s&#8217;encarregar\u00e0 de tot el proc\u00e9s, des de la planificaci\u00f3 fins a la instal\u00b7laci\u00f3 i el manteniment continu, garantint un servei de qualitat en cada etapa.<\/p>\n    <\/div>\r\n<\/dd>\n                \n            <\/dl>\n        \n    <\/div>\n\n<\/section>","protected":false},"excerpt":{"rendered":"<p>Formulari<\/p>\n","protected":false},"author":2,"featured_media":0,"parent":0,"menu_order":0,"comment_status":"closed","ping_status":"closed","template":"","meta":{"_acf_changed":false,"content-type":"","_monsterinsights_skip_tracking":false,"_monsterinsights_sitenote_active":false,"_monsterinsights_sitenote_note":"","_monsterinsights_sitenote_category":0,"footnotes":""},"class_list":["post-726","page","type-page","status-publish","hentry"],"acf":[],"_links":{"self":[{"href":"https:\/\/www.coremosa.es\/ca\/wp-json\/wp\/v2\/pages\/726","targetHints":{"allow":["GET"]}}],"collection":[{"href":"https:\/\/www.coremosa.es\/ca\/wp-json\/wp\/v2\/pages"}],"about":[{"href":"https:\/\/www.coremosa.es\/ca\/wp-json\/wp\/v2\/types\/page"}],"author":[{"embeddable":true,"href":"https:\/\/www.coremosa.es\/ca\/wp-json\/wp\/v2\/users\/2"}],"replies":[{"embeddable":true,"href":"https:\/\/www.coremosa.es\/ca\/wp-json\/wp\/v2\/comments?post=726"}],"version-history":[{"count":13,"href":"https:\/\/www.coremosa.es\/ca\/wp-json\/wp\/v2\/pages\/726\/revisions"}],"predecessor-version":[{"id":2039,"href":"https:\/\/www.coremosa.es\/ca\/wp-json\/wp\/v2\/pages\/726\/revisions\/2039"}],"wp:attachment":[{"href":"https:\/\/www.coremosa.es\/ca\/wp-json\/wp\/v2\/media?parent=726"}],"curies":[{"name":"wp","href":"https:\/\/api.w.org\/{rel}","templated":true}]}}