{"id":720,"date":"2024-02-15T11:49:52","date_gmt":"2024-02-15T11:49:52","guid":{"rendered":"https:\/\/www.coremosa.es\/?page_id=720"},"modified":"2024-04-25T09:12:37","modified_gmt":"2024-04-25T09:12:37","slug":"avis-legal","status":"publish","type":"page","link":"https:\/\/www.coremosa.es\/ca\/avis-legal\/","title":{"rendered":"Avis legal"},"content":{"rendered":"\n<h2 class=\"wp-block-heading has-large-font-size\">Dades fiscals<\/h2>\n\n\n\n<p>Titular: Coremo, S.A<br>NIF: A08774465<br>Direcci\u00f3: Avda. Diagonal, 263 - 267<br>Tel\u00e8fon: 932 651 700<\/p>\n\n\n\n<h2 class=\"wp-block-heading has-large-font-size\">Protecci\u00f3 de dades personals.<\/h2>\n\n\n\n<p>Les dades de car\u00e0cter personal que es recullen a trav\u00e9s de la p\u00e0gina web, s\u00f3n \u00fanicament utilitzats a l&#8217;efecte de prestar els serveis sol\u00b7licitats aix\u00ed com procedir a la facturaci\u00f3 d&#8217;aquests. Les seves dades seran situades en fitxers titularitat de Coremo, S.A a l&#8217;efecte de facturaci\u00f3 i seran arxivats pel per\u00edode de temps legalment necessari. Vost\u00e8 podr\u00e0 exercir els drets d&#8217;acc\u00e9s, rectificaci\u00f3, cancel\u00b7laci\u00f3 i oposici\u00f3 per escrit a Coremo, S.A en Avda. Diagonal, 263 - 267.<\/p>\n\n\n\n<h2 class=\"wp-block-heading has-large-font-size\">Propietat intel\u00b7lectual i responsabilitat sobre els continguts<\/h2>\n\n\n\n<p>Queda prohibit qualsevol \u00fas de tots els continguts de la p\u00e0gina web, concretament sobre els textos, disseny i codi font, sense l&#8217;autoritzaci\u00f3 expressa dels seus titulars. Qualsevol \u00fas no perm\u00e8s ser\u00e0 degudament perseguit pels leg\u00edtims propietaris.<\/p>\n\n\n\n<p>El titular de la p\u00e0gina web no es fa responsable dels continguts als quals es dirigeixen els enlla\u00e7os situats en aquesta, segons el que estableix l&#8217;article 17 de la LSSICE.<\/p>\n","protected":false},"excerpt":{"rendered":"<p>Dades fiscals Titular: NIF: Direcci\u00f3: Tel\u00e8fon: Protecci\u00f3 de dades personals. Les dades de car\u00e0cter personal que es recullen a trav\u00e9s de la p\u00e0gina web, s\u00f3n \u00fanicament utilitzats a l&#8217;efecte de prestar els serveis sol\u00b7licitats aix\u00ed com procedir a la facturaci\u00f3 d&#8217;aquests. Les seves dades seran situades en fitxers titularitat de a l&#8217;efecte de facturaci\u00f3 i [&hellip;]<\/p>\n","protected":false},"author":2,"featured_media":0,"parent":0,"menu_order":0,"comment_status":"closed","ping_status":"closed","template":"","meta":{"_acf_changed":false,"content-type":"","_monsterinsights_skip_tracking":false,"_monsterinsights_sitenote_active":false,"_monsterinsights_sitenote_note":"","_monsterinsights_sitenote_category":0,"footnotes":""},"class_list":["post-720","page","type-page","status-publish","hentry"],"acf":[],"_links":{"self":[{"href":"https:\/\/www.coremosa.es\/ca\/wp-json\/wp\/v2\/pages\/720","targetHints":{"allow":["GET"]}}],"collection":[{"href":"https:\/\/www.coremosa.es\/ca\/wp-json\/wp\/v2\/pages"}],"about":[{"href":"https:\/\/www.coremosa.es\/ca\/wp-json\/wp\/v2\/types\/page"}],"author":[{"embeddable":true,"href":"https:\/\/www.coremosa.es\/ca\/wp-json\/wp\/v2\/users\/2"}],"replies":[{"embeddable":true,"href":"https:\/\/www.coremosa.es\/ca\/wp-json\/wp\/v2\/comments?post=720"}],"version-history":[{"count":2,"href":"https:\/\/www.coremosa.es\/ca\/wp-json\/wp\/v2\/pages\/720\/revisions"}],"predecessor-version":[{"id":723,"href":"https:\/\/www.coremosa.es\/ca\/wp-json\/wp\/v2\/pages\/720\/revisions\/723"}],"wp:attachment":[{"href":"https:\/\/www.coremosa.es\/ca\/wp-json\/wp\/v2\/media?parent=720"}],"curies":[{"name":"wp","href":"https:\/\/api.w.org\/{rel}","templated":true}]}}