{"id":717,"date":"2024-03-06T17:03:36","date_gmt":"2024-03-06T17:03:36","guid":{"rendered":"https:\/\/www.coremosa.es\/equipos-mas-eficientes\/"},"modified":"2024-08-12T07:19:05","modified_gmt":"2024-08-12T07:19:05","slug":"equips-mes-eficients","status":"publish","type":"page","link":"https:\/\/www.coremosa.es\/ca\/equips-mes-eficients\/","title":{"rendered":"Impressores m\u00e9s eficients"},"content":{"rendered":"\r\n<section  class=\"block-img-section py-12 md:py-16 lg:py-24\">\r\n    \r\n    <div class=\"flex flex-col gap-5 lg:grid lg:gap-y-12 lg:items-center  lg:grid-cols-2\">\r\n\r\n                    <div class=\"text-sm uppercase text-primary border-t border-primary pt-2.5 lg:col-span-2\">\r\n                Transforma una simple despesa en una oportunitat de valor afegit per a la teva empresa            <\/div>\r\n        \r\n        <div class=\"lg:w-11\/12 lg:max-w-[610px]\">\r\n        \r\n                            <img loading=\"lazy\" decoding=\"async\" width=\"799\" height=\"533\" src=\"https:\/\/www.coremosa.es\/wp-content\/uploads\/2024\/04\/sharp-_gresham_-191-e1722415950988.jpg\" class=\"w-full h-full object-cover object-center\" alt=\"\" data-aos=\"fade\" data-aos-duration=\"1000\" data-aos-delay=\"200\" \/>                    \r\n            \r\n            \r\n                        \r\n            \r\n        <\/div>\r\n\r\n        <div class=\"lg:max-w-[484px]\">\r\n        \r\n                                                <h2 class=\"text-2xl lg:text-3xl mb-2.5 md:mb-5 leading-tight\">\r\n                                    Venda d&#8217;impressores eficients                                    <\/h2>\r\n                                        \r\n                            <div class=\"mb-5 md:mb-8\">\r\n                    <p>Beneficia&#8217;t de <strong>noves tecnologies d&#8217;impressi\u00f3<\/strong> i comen\u00e7a a estalviar gr\u00e0cies a una producci\u00f3 m\u00e9s eficient. La implementaci\u00f3 de sistemes d&#8217;<strong>impressores i fotocopiadores de nova generaci\u00f3<\/strong> no sols impulsa la productivitat mitjan\u00e7ant processos m\u00e9s r\u00e0pids estalviant temps en pausa, sin\u00f3 que tamb\u00e9 contribueix a l&#8217;estalvi energ\u00e8tic gr\u00e0cies a ser dispositius molt m\u00e9s eficients en el seu consum. Tot aix\u00f2 es tradueix a una <strong>menor intervenci\u00f3 humana, m\u00e9s temps productiu i menys despesa energ\u00e8tica.<\/strong><\/p>\n                <\/div>\r\n                                <\/div>\r\n    <\/div>\r\n\r\n<\/section>\n\n\r\n<section  class=\"block-cta wp-elements-6439236783e2e6fb982ee5a18916768f alignfull has-background has-gray-800-background-color has-text-color has-white-color text-center relative\"> <!-- section -->\r\n\r\n    <div class=\"container\"> <!-- if is a full width section, apply container -->\r\n\r\n\t\t<div class=\"max-w-4xl mx-auto md:relative pt-14 pb-16 md:pt-16 md:pb-20\">\r\n\r\n\t\t\t<h2 class=\"text-2xl lg:text-3xl mb-4 md:mb-8 md:px-32\">I tu, a quines esperes a comprovar l&#8217;estalvi?<\/h2>\r\n\t\t\t\t\t\t\t<p class=\"mb-9 text-lg lg:mb-12\">\r\n\t\t\t\t\tObtenir una an\u00e0lisi d&#8217;estalvi personalitzat.\t\t\t\t<\/p>\r\n\t\t\t\t\r\n\t\t\t\t\t\t\t<a href=\"https:\/\/www.coremosa.es\/ca\/contacte\/\" class=\"button-primary\">\r\n\t\t\t\t\tContacta amb nosaltres\t\t\t\t<\/a>\r\n\t\t\t\r\n\t\t\t<div class=\"absolute right-0 top-0\" data-aos=\"fade\" data-aos-duration=\"1000\" data-aos-delay=\"150\">\r\n\t\t\t\t<svg class=\"w-12 md:w-28\" xmlns=\"http:\/\/www.w3.org\/2000\/svg\" viewBox=\"0 0 51.5 47.5\"><g fill=\"currentColor\"><path d=\"M2 0h20.4v23.3l-13 24.2H.2l11-23.6H2.1Z\"\/><path d=\"M31 0h20.4v23.3l-13 24.2h-9.2l11-23.6h-9.1Z\"\/><\/g><\/svg>\r\n\t\t\t<\/div>\r\n\r\n\t\t<\/div>\r\n\r\n\r\n\t<\/div>\r\n\r\n<\/section>","protected":false},"excerpt":{"rendered":"","protected":false},"author":2,"featured_media":482,"parent":0,"menu_order":0,"comment_status":"closed","ping_status":"closed","template":"","meta":{"_acf_changed":false,"content-type":"","_monsterinsights_skip_tracking":false,"_monsterinsights_sitenote_active":false,"_monsterinsights_sitenote_note":"","_monsterinsights_sitenote_category":0,"footnotes":""},"class_list":["post-717","page","type-page","status-publish","has-post-thumbnail","hentry"],"acf":[],"_links":{"self":[{"href":"https:\/\/www.coremosa.es\/ca\/wp-json\/wp\/v2\/pages\/717","targetHints":{"allow":["GET"]}}],"collection":[{"href":"https:\/\/www.coremosa.es\/ca\/wp-json\/wp\/v2\/pages"}],"about":[{"href":"https:\/\/www.coremosa.es\/ca\/wp-json\/wp\/v2\/types\/page"}],"author":[{"embeddable":true,"href":"https:\/\/www.coremosa.es\/ca\/wp-json\/wp\/v2\/users\/2"}],"replies":[{"embeddable":true,"href":"https:\/\/www.coremosa.es\/ca\/wp-json\/wp\/v2\/comments?post=717"}],"version-history":[{"count":10,"href":"https:\/\/www.coremosa.es\/ca\/wp-json\/wp\/v2\/pages\/717\/revisions"}],"predecessor-version":[{"id":1538,"href":"https:\/\/www.coremosa.es\/ca\/wp-json\/wp\/v2\/pages\/717\/revisions\/1538"}],"wp:featuredmedia":[{"embeddable":true,"href":"https:\/\/www.coremosa.es\/ca\/wp-json\/wp\/v2\/media\/482"}],"wp:attachment":[{"href":"https:\/\/www.coremosa.es\/ca\/wp-json\/wp\/v2\/media?parent=717"}],"curies":[{"name":"wp","href":"https:\/\/api.w.org\/{rel}","templated":true}]}}