{"id":687,"date":"2024-02-15T13:39:15","date_gmt":"2024-02-15T13:39:15","guid":{"rendered":"https:\/\/www.coremosa.es\/sobre-nosotros\/"},"modified":"2024-04-30T11:54:23","modified_gmt":"2024-04-30T11:54:23","slug":"sobre-nosaltres","status":"publish","type":"page","link":"https:\/\/www.coremosa.es\/ca\/sobre-nosaltres\/","title":{"rendered":"Sobre nosaltres"},"content":{"rendered":"\r\n<section  class=\"block-img-section pt-12 md:pt-16 lg:pt-24\">\r\n    \r\n    <div class=\"flex flex-col gap-5 lg:grid lg:gap-y-12 lg:items-center  lg:grid-cols-2\">\r\n\r\n        \r\n        <div class=\"lg:w-11\/12 lg:max-w-[610px] order-2\">\r\n        \r\n                            <img loading=\"lazy\" decoding=\"async\" width=\"2560\" height=\"1920\" src=\"https:\/\/www.coremosa.es\/wp-content\/uploads\/2024\/04\/workforce-enterprise-2_productimage-87--scaled-e1714032546857.jpg\" class=\"w-full h-full object-cover object-center\" alt=\"Zona de trabajo con impresora multifunci\u00f3n y decoraci\u00f3n moderna\" data-aos=\"fade\" data-aos-duration=\"1000\" data-aos-delay=\"200\" \/>                    \r\n            \r\n            \r\n                        \r\n            \r\n        <\/div>\r\n\r\n        <div class=\"lg:max-w-[484px]\">\r\n        \r\n                                                <h2 class=\"text-2xl lg:text-3xl mb-2.5 md:mb-5 leading-tight\">\r\n                                    Solucions per a la teva oficina des de 1981                                    <\/h2>\r\n                                        \r\n                            <div class=\"mb-5 md:mb-8\">\r\n                    <p>Coremosa \u00e9s el teu soci de confian\u00e7a per a donar solucions integrals a la teva empresa.<\/p>\n<p>Ens especialitzem en la distribuci\u00f3, venda i manteniment de maquin\u00e0ria reprogr\u00e0fica com a impressores, fotocopiadores i esc\u00e0ners per a augmentar l&#8217;efici\u00e8ncia d&#8217;empreses i professionals. A m\u00e9s, busquem ajudar de manera integral en totes les necessitats de l&#8217;oficina moderna oferint serveis d&#8217;instal\u00b7laci\u00f3 i venda de mobiliari d&#8217;oficina i solucions audiovisuals per a digitalitzar espais de treball. Aix\u00ed mateix, t&#8217;oferim una botiga en l\u00ednia amb tot el teu material d&#8217;oficina, papereria i inform\u00e0tica.<\/p>\n<p>Durant m\u00e9s de 40 anys, Coremosa ha invertit en el seu capital hum\u00e0 i t\u00e8cnic, nodrint i desenvolupant un equip altament capacitat amb recursos a l&#8217;una per a brindar el millor servei possible.<\/p>\n                <\/div>\r\n                                        <div class=\"flex flex-wrap gap-x-5 gap-y-4\">\r\n                                            <a \r\n                            href=\"https:\/\/www.coremosa.es\/ca\/contacte\/\" \r\n                            class=\"button-primary\"\r\n                            target=\"_self\"\r\n                        >\r\n                            Contacta amb nosaltres                        <\/a>\r\n                                    <\/div>\r\n                    <\/div>\r\n    <\/div>\r\n\r\n<\/section>\n\n\r\n<section  class=\"block-counters alignfull py-12 md:py-16 lg:py-24 relative overflow-hidden\">\r\n\r\n    <div class=\"relative z-10\">\r\n        <div class=\"container\">\r\n\r\n            \r\n            \r\n                <ul class=\"counters list-none mb-0 flex flex-col gap-y-10 gap-x-5 md:flex-row md:justify-evenly max-w-48 mx-auto md:max-w-full md:ml-0\">\r\n\r\n                    \r\n                    <li>\r\n                        <div class=\"pl-1 lg:pl-1.5\" data-aos=\"fade\" data-aos-duration=\"1000\" data-aos-delay=\"100\">\r\n                            <svg class=\"text-primary h-5 lg:h-7\" xmlns=\"http:\/\/www.w3.org\/2000\/svg\" viewBox=\"0 0 12.5 26.6\"><path d=\"M1 0h11.5v13L5.1 26.6H0l6.1-13.2h-5Z\" fill=\"currentColor\"\/><\/svg>\r\n                        <\/div>\r\n                        <span class=\"block my-2 lg:mt-3 text-3xl lg:text-6xl leading-none whitespace-nowrap font-semibold\">\r\n\r\n                            \r\n                                                        <span class=\"counter\" data-target=\"40\">0<\/span>\r\n                            \r\n                                                    <\/span>\r\n                        <span class=\"text-lg lg:text-xl\">\r\n                            anys d&#8217;experi\u00e8ncia                        <\/span>\r\n                    <\/li>\r\n\r\n                    \r\n                    <li>\r\n                        <div class=\"pl-1 lg:pl-1.5\" data-aos=\"fade\" data-aos-duration=\"1000\" data-aos-delay=\"100\">\r\n                            <svg class=\"text-primary h-5 lg:h-7\" xmlns=\"http:\/\/www.w3.org\/2000\/svg\" viewBox=\"0 0 12.5 26.6\"><path d=\"M1 0h11.5v13L5.1 26.6H0l6.1-13.2h-5Z\" fill=\"currentColor\"\/><\/svg>\r\n                        <\/div>\r\n                        <span class=\"block my-2 lg:mt-3 text-3xl lg:text-6xl leading-none whitespace-nowrap font-semibold\">\r\n\r\n                            \r\n                                                        <span class=\"counter\" data-target=\"2500\">0<\/span>\r\n                            \r\n                                                    <\/span>\r\n                        <span class=\"text-lg lg:text-xl\">\r\n                            clients                        <\/span>\r\n                    <\/li>\r\n\r\n                    \r\n                    <li>\r\n                        <div class=\"pl-1 lg:pl-1.5\" data-aos=\"fade\" data-aos-duration=\"1000\" data-aos-delay=\"100\">\r\n                            <svg class=\"text-primary h-5 lg:h-7\" xmlns=\"http:\/\/www.w3.org\/2000\/svg\" viewBox=\"0 0 12.5 26.6\"><path d=\"M1 0h11.5v13L5.1 26.6H0l6.1-13.2h-5Z\" fill=\"currentColor\"\/><\/svg>\r\n                        <\/div>\r\n                        <span class=\"block my-2 lg:mt-3 text-3xl lg:text-6xl leading-none whitespace-nowrap font-semibold\">\r\n\r\n                            \r\n                                                        <span class=\"counter\" data-target=\"5000\">0<\/span>\r\n                            \r\n                                                    <\/span>\r\n                        <span class=\"text-lg lg:text-xl\">\r\n                            equips gestionats                        <\/span>\r\n                    <\/li>\r\n\r\n                    \r\n            <\/ul>\r\n\r\n            \r\n        <\/div>\r\n    <\/div>\r\n\r\n<\/section>\n\n\r\n\r\n<section  class=\"features-list alignfull has-background has-primary-100-background-color py-12 md:py-16 lg:py-24\">\r\n\r\n    <div class=\"container\">\r\n\r\n        \r\n            \r\n                            <h2 class=\"mb-8 md:mb-12 font-semibold text-2xl lg:text-3xl\">Per qu\u00e8 Coremosa?<\/h2>\r\n            \r\n        \r\n                    <ul class=\"list-none m-0 grid md:grid-cols-2 xl:grid-cols-4 gap-x-5 gap-y-10\">\r\n                                                        <li class=\"border-l border-primary pl-6 flex flex-col justify-between\">\r\n                        <div>\r\n                            <div class=\"h-12 flex items-center mb-2.5\"><img loading=\"lazy\" decoding=\"async\" width=\"1\" height=\"1\" src=\"https:\/\/www.coremosa.es\/wp-content\/uploads\/2024\/02\/ico-printer.svg\" class=\"w-auto h-auto max-h-full\" alt=\"\" data-aos=\"zoom-in\" data-aos-duration=\"1000\" \/><\/div>                                                            <strong class=\"text-lg lg:text-xl block font-normal mb-2\">Solucions integrals<\/strong>\r\n                                                                                        <p class=\"m-0 max-w-72\">Tot el que necessita la teva oficina al teu abast: Impressi\u00f3, Audiovisual, Inform\u00e0tica, Papereria, Mobiliari i molt m\u00e9s!<\/p>\r\n                                                    <\/div>\r\n                                                    <div class=\"pt-5\">\r\n                                <a href=\"https:\/\/www.coremosa.es\/ca\/servei\/\" class=\"button-primary-arrow\">Veure tot<\/a>\r\n                            <\/div>\r\n                                            <\/li>\r\n                                                        <li class=\"border-l border-primary pl-6 flex flex-col justify-between\">\r\n                        <div>\r\n                            <div class=\"h-12 flex items-center mb-2.5\"><img loading=\"lazy\" decoding=\"async\" width=\"1\" height=\"1\" src=\"https:\/\/www.coremosa.es\/wp-content\/uploads\/2024\/02\/ico-file-medal.svg\" class=\"w-auto h-auto max-h-full\" alt=\"\" data-aos=\"zoom-in\" data-aos-duration=\"1000\" \/><\/div>                                                            <strong class=\"text-lg lg:text-xl block font-normal mb-2\">Certificacions<\/strong>\r\n                                                                                        <p class=\"m-0 max-w-72\">Comptem amb les certificacions oficials ISO9000, ISO14000 i ISO27001<\/p>\r\n                                                    <\/div>\r\n                                                    <div class=\"pt-5\">\r\n                                <a href=\"https:\/\/www.coremosa.es\/ca\/sobre-nosaltres\/\" class=\"button-primary-arrow\">Sobre nosaltres<\/a>\r\n                            <\/div>\r\n                                            <\/li>\r\n                                                        <li class=\"border-l border-primary pl-6 flex flex-col justify-between\">\r\n                        <div>\r\n                            <div class=\"h-12 flex items-center mb-2.5\"><img loading=\"lazy\" decoding=\"async\" width=\"1\" height=\"1\" src=\"https:\/\/www.coremosa.es\/wp-content\/uploads\/2024\/03\/trato-personal.svg\" class=\"w-auto h-auto max-h-full\" alt=\"\" data-aos=\"zoom-in\" data-aos-duration=\"1000\" \/><\/div>                                                            <strong class=\"text-lg lg:text-xl block font-normal mb-2\">Tracte personal<\/strong>\r\n                                                                                        <p class=\"m-0 max-w-72\">Professionals del sector t&#8217;assessoraran individualment.<\/p>\r\n                                                    <\/div>\r\n                                                    <div class=\"pt-5\">\r\n                                <a href=\"https:\/\/www.coremosa.es\/ca\/contacte\/\" class=\"button-primary-arrow\">Contacta amb nosaltres<\/a>\r\n                            <\/div>\r\n                                            <\/li>\r\n                                                        <li class=\"border-l border-primary pl-6 flex flex-col justify-between\">\r\n                        <div>\r\n                            <div class=\"h-12 flex items-center mb-2.5\"><img loading=\"lazy\" decoding=\"async\" width=\"1\" height=\"1\" src=\"https:\/\/www.coremosa.es\/wp-content\/uploads\/2024\/03\/flexibilidad.svg\" class=\"w-auto h-auto max-h-full\" alt=\"\" data-aos=\"zoom-in\" data-aos-duration=\"1000\" \/><\/div>                                                            <strong class=\"text-lg lg:text-xl block font-normal mb-2\">Flexibilitat<\/strong>\r\n                                                                                        <p class=\"m-0 max-w-72\">Ens adaptem als teus terminis amb rentings fets a mesura i finan\u00e7ats per nosaltres mateixos.<\/p>\r\n                                                    <\/div>\r\n                                                    <div class=\"pt-5\">\r\n                                <a href=\"https:\/\/www.coremosa.es\/ca\/contacte\/\" class=\"button-primary-arrow\">Comen\u00e7a ja<\/a>\r\n                            <\/div>\r\n                                            <\/li>\r\n                            <\/ul>\r\n            <\/div>\r\n\r\n<\/section>\n\n\r\n\r\n<!-- Section Image Right -->\r\n<section  class=\"block-img-section-full wp-elements-c4aceee08c0c50c0ac4baa58de2b8dee alignfull has-background has-gray-800-background-color has-text-color has-white-color relative pb-12 lg:py-24\">\r\n    <div class=\"lg:absolute inset-y-0 w-full lg:w-1\/2 2xl:w-5\/12 h-full left-0\">\r\n                    <img loading=\"lazy\" decoding=\"async\" width=\"8192\" height=\"5462\" src=\"https:\/\/www.coremosa.es\/wp-content\/uploads\/2024\/04\/pexels-nc-farm-bureau-mark-15751130.jpg\" class=\"object-cover object-center w-full h-full\" alt=\"\" srcset=\"https:\/\/www.coremosa.es\/wp-content\/uploads\/2024\/04\/pexels-nc-farm-bureau-mark-15751130.jpg 8192w, https:\/\/www.coremosa.es\/wp-content\/uploads\/2024\/04\/pexels-nc-farm-bureau-mark-15751130-520x347.jpg 520w, https:\/\/www.coremosa.es\/wp-content\/uploads\/2024\/04\/pexels-nc-farm-bureau-mark-15751130-986x657.jpg 986w, https:\/\/www.coremosa.es\/wp-content\/uploads\/2024\/04\/pexels-nc-farm-bureau-mark-15751130-768x512.jpg 768w, https:\/\/www.coremosa.es\/wp-content\/uploads\/2024\/04\/pexels-nc-farm-bureau-mark-15751130-1536x1024.jpg 1536w, https:\/\/www.coremosa.es\/wp-content\/uploads\/2024\/04\/pexels-nc-farm-bureau-mark-15751130-380x253.jpg 380w\" sizes=\"auto, (max-width: 8192px) 100vw, 8192px\" \/>        \r\n        \r\n                \r\n        \r\n    <\/div>\r\n    <div class=\"container mx-auto px-8\">\r\n        <div class=\"flex flex-wrap -mx-8 justify-end\">\r\n            <div class=\"w-full lg:w-5\/12 px-8 pt-8 lg:pt-0\">\r\n                <div class=\"lg:max-w-[484px]\">\r\n\r\n                    \r\n                                                                        <h2 class=\"m-0\">\r\n                                                    Garantia de qualitat                                                    <\/h2>\r\n                                                                \r\n                                            <div class=\"mt-5 mb-9 leading-normal\">\r\n                            <ul>\n<li>\n<h3>En la recerca de l&#8217;excel\u00b7l\u00e8ncia<\/h3>\n<p>Comptem amb la certificaci\u00f3 oficial ISO 9001, demostrant el constant esfor\u00e7 per millorar els nostres processos oferint productes i serveis de qualitat, garantint el compliment de les expectatives i necessitats dels nostres clients.<\/li>\n<li>\n<h3>Compromesos amb el futur<\/h3>\n<p>En un m\u00f3n on la sostenibilitat i la protecci\u00f3 del medi ambient \u00e9s essencial, la certificaci\u00f3 oficial ISO 14001 demostra el nostre comprom\u00eds amb tenir una activitat responsable i prendre mesures per a reduir la nostra petjada ecol\u00f2gica.<\/li>\n<li>\n<h3>Segur amb nosaltres<\/h3>\n<p>La seguretat de la informaci\u00f3 \u00e9s cr\u00edtica en l&#8217;era digital. Amb el certificat oficial ISO 27001, els nostres clients i socis poden estar segurs de la protecci\u00f3 i seguretat total de les seves dades i l&#8217;esborrament d&#8217;aquests del disc dur una vegada acaba el servei, construint una confian\u00e7a imprescindible amb nosaltres.<\/li>\n<\/ul>\n                        <\/div>\r\n                                                        <\/div>\r\n\r\n            <\/div>\r\n        <\/div>\r\n    <\/div>\r\n<\/section>\n\n\r\n<section  class=\"block-img-section has-background has-primary-100-background-color -mx-5 sm:mx-0 mt-12 md:mt-16 lg:mt-24\">\r\n    \r\n    <div class=\"flex flex-col gap-5 lg:grid lg:gap-y-12 lg:items-center  lg:grid-cols-12\">\r\n\r\n        \r\n        <div class=\"lg:col-span-5 h-full order-2\">\r\n        \r\n                            <img loading=\"lazy\" decoding=\"async\" width=\"2800\" height=\"1800\" src=\"https:\/\/www.coremosa.es\/wp-content\/uploads\/2024\/04\/Mockup-Promo-Store.png\" class=\"w-full h-full object-cover object-center\" alt=\"\" data-aos=\"fade\" data-aos-duration=\"1000\" data-aos-delay=\"200\" srcset=\"https:\/\/www.coremosa.es\/wp-content\/uploads\/2024\/04\/Mockup-Promo-Store.png 2800w, https:\/\/www.coremosa.es\/wp-content\/uploads\/2024\/04\/Mockup-Promo-Store-520x334.png 520w, https:\/\/www.coremosa.es\/wp-content\/uploads\/2024\/04\/Mockup-Promo-Store-986x634.png 986w, https:\/\/www.coremosa.es\/wp-content\/uploads\/2024\/04\/Mockup-Promo-Store-768x494.png 768w, https:\/\/www.coremosa.es\/wp-content\/uploads\/2024\/04\/Mockup-Promo-Store-1536x987.png 1536w, https:\/\/www.coremosa.es\/wp-content\/uploads\/2024\/04\/Mockup-Promo-Store-2048x1317.png 2048w, https:\/\/www.coremosa.es\/wp-content\/uploads\/2024\/04\/Mockup-Promo-Store-380x244.png 380w\" sizes=\"auto, (max-width: 2800px) 100vw, 2800px\" \/>                    \r\n            \r\n            \r\n                        \r\n            \r\n        <\/div>\r\n\r\n        <div class=\"lg:col-span-7 p-5 lg:py-12 2xl:py-20 lg:max-w-xl lg:mx-auto\">\r\n        \r\n                                                <h2 class=\"text-2xl lg:text-3xl mb-2.5 md:mb-5 leading-tight\">\r\n                                    Nova Botiga Online                                    <\/h2>\r\n                                        \r\n                            <div class=\"mb-5 md:mb-8\">\r\n                    <p>Pr\u00f2ximament\u2026 La manera m\u00e9s f\u00e0cil de comprar tot el material per a la teva oficina\u2026<\/p>\n                <\/div>\r\n                                        <div class=\"flex flex-wrap gap-x-5 gap-y-4\">\r\n                                            <a href=\"https:\/\/recursos.coremosa.es\/store\" class=\"button-primary\" target=\"_blank\" rel=\"noopener\">\r\n                            Avisa&#8217;m                        <\/a>\r\n                                    <\/div>\r\n                    <\/div>\r\n    <\/div>\r\n\r\n<\/section>\n\n<script type=\"application\/ld+json\">\n    {\n      \"@context\": \"https:\/\/schema.org\",\n      \"@type\": \"FAQPage\",\n      \"mainEntity\": [{\n                \"@type\": \"Question\",\n                \"name\": \"\",\n                \"acceptedAnswer\": {\n                    \"@type\": \"Answer\",\n                    \"text\": \"\"\n                }\n            },{\n                \"@type\": \"Question\",\n                \"name\": \"\u00bfC\u00f3mo puedo solicitar un asesoramiento personalizado?\",\n                \"acceptedAnswer\": {\n                    \"@type\": \"Answer\",\n                    \"text\": \"Nuestro equipo propio de t\u00e9cnicos profesionales te asesorar\u00e1 acerca de tus dudas o necesidades sin compromiso completando nuestro formulario al final de la p\u00e1gina o contando nuestro tel\u00e9fono o correo electr\u00f3nico.\"\n                }\n            },{\n                \"@type\": \"Question\",\n                \"name\": \"\u00bfCu\u00e1l es el proceso de instalaci\u00f3n y mantenimiento de las soluciones ofrecidas por Coremosa?\",\n                \"acceptedAnswer\": {\n                    \"@type\": \"Answer\",\n                    \"text\": \"El proceso de instalaci\u00f3n y mantenimiento var\u00eda seg\u00fan el tipo de soluci\u00f3n. Nuestro equipo de expertos se encargar\u00e1 de todo el proceso, desde la planificaci\u00f3n hasta la instalaci\u00f3n y el mantenimiento continuo, garantizando un servicio de calidad en cada etapa.\"\n                }\n            },{\n                \"@type\": \"Question\",\n                \"name\": \"\u00bfQu\u00e9 soluciones ofrece Coremosa?\",\n                \"acceptedAnswer\": {\n                    \"@type\": \"Answer\",\n                    \"text\": \"Coremosa ofrece una amplia gama de soluciones integrales para empresas y profesionales, incluyendo: (i) distribuci\u00f3n, venta y mantenimiento de maquinaria reprogr\u00e1fica,\u00a0 (ii) soluciones audiovisuales, (iii) mobiliario de oficina y (iv) un ecommerce donde hay m\u00e1s de 90.000 referencias de material de oficina, papeler\u00eda e inform\u00e1tica\"\n                }\n            },{\n                \"@type\": \"Question\",\n                \"name\": \"\",\n                \"acceptedAnswer\": {\n                    \"@type\": \"Answer\",\n                    \"text\": \"\"\n                }\n}]\n}<\/script>\n<section  class=\"block-faqs py-12 md:py-16 lg:py-24\">\n\n    <div class=\"\">\n                        \n                    <h2 class=\"text-center mb-10\">\n                Preguntes freq\u00fcents            <\/h2>\n        \n                    <dl class=\"accordion max-w-screen-xl mx-auto border-b border-primary\">\n\n                \n                    <dt class=\"accordion__button cursor-pointer font-normal border-t border-primary text-lg pr-4 pt-4 pb-5 relative\">\r\n    Quines solucions ofereix Coremosa?<\/dt>\r\n\r\n<dd class=\"accordion__content m-0\">\r\n    <div class=\"pb-2\">\r\n        <p>Coremosa ofereix una \u00e0mplia gamma de solucions integrals per a empreses i professionals, incloent: (i) distribuci\u00f3, venda i manteniment de maquin\u00e0ria reprogr\u00e0fica,\u00a0 (ii) solucions audiovisuals, (iii) mobiliari d&#8217;oficina i (iv) un ecommerce on hi ha m\u00e9s de 90.000 refer\u00e8ncies de material d&#8217;oficina, papereria i inform\u00e0tica entre d&#8217;altres.<\/p>\n    <\/div>\r\n<\/dd>\n                \n                    <dt class=\"accordion__button cursor-pointer font-normal border-t border-primary text-lg pr-4 pt-4 pb-5 relative\">\r\n    Com puc sol\u00b7licitar un assessorament personalitzat?<\/dt>\r\n\r\n<dd class=\"accordion__content m-0\">\r\n    <div class=\"pb-2\">\r\n        <p>El nostre equip propi de t\u00e8cnics professionals t&#8217;assessorar\u00e0 sobre els teus dubtes o necessitats sense comprom\u00eds completant el nostre formulari al final de la p\u00e0gina o comptant el nostre tel\u00e8fon o correu electr\u00f2nic.<\/p>\n    <\/div>\r\n<\/dd>\n                \n                    <dt class=\"accordion__button cursor-pointer font-normal border-t border-primary text-lg pr-4 pt-4 pb-5 relative\">\r\n    Quin \u00e9s el proc\u00e9s d&#8217;instal\u00b7laci\u00f3 i manteniment de les solucions ofertes per Coremosa?<\/dt>\r\n\r\n<dd class=\"accordion__content m-0\">\r\n    <div class=\"pb-2\">\r\n        <p>El proc\u00e9s d&#8217;instal\u00b7laci\u00f3 i manteniment varia segons el tipus de soluci\u00f3. El nostre equip d&#8217;experts s&#8217;encarregar\u00e0 de tot el proc\u00e9s, des de la planificaci\u00f3 fins a la instal\u00b7laci\u00f3 i el manteniment continu, garantint un servei de qualitat en cada etapa.<\/p>\n    <\/div>\r\n<\/dd>\n                \n            <\/dl>\n        \n    <\/div>\n\n<\/section>\n\n\r\n<section  class=\"block-cta wp-elements-6799a9e38f6ff9aec7abba910245ad65 alignfull has-background has-gray-800-background-color has-text-color has-white-color text-center relative\"> <!-- section -->\r\n\r\n    <div class=\"container\"> <!-- if is a full width section, apply container -->\r\n\r\n\t\t<div class=\"max-w-4xl mx-auto md:relative pt-14 pb-16 md:pt-16 md:pb-20\">\r\n\r\n\t\t\t<h2 class=\"text-2xl lg:text-3xl mb-4 md:mb-8 md:px-32\">\u00bfTens dubtes? T&#8217;ajudem<\/h2>\r\n\t\t\t\t\r\n\t\t\t\t\t\t\t<a href=\"\/ca\/contacte\/\" class=\"button-primary\">\r\n\t\t\t\t\tContacta amb nosaltres\t\t\t\t<\/a>\r\n\t\t\t\r\n\t\t\t<div class=\"absolute right-0 top-0\" data-aos=\"fade\" data-aos-duration=\"1000\" data-aos-delay=\"150\">\r\n\t\t\t\t<svg class=\"w-12 md:w-28\" xmlns=\"http:\/\/www.w3.org\/2000\/svg\" viewBox=\"0 0 51.5 47.5\"><g fill=\"currentColor\"><path d=\"M2 0h20.4v23.3l-13 24.2H.2l11-23.6H2.1Z\"\/><path d=\"M31 0h20.4v23.3l-13 24.2h-9.2l11-23.6h-9.1Z\"\/><\/g><\/svg>\r\n\t\t\t<\/div>\r\n\r\n\t\t<\/div>\r\n\r\n\r\n\t<\/div>\r\n\r\n<\/section>","protected":false},"excerpt":{"rendered":"","protected":false},"author":2,"featured_media":372,"parent":0,"menu_order":0,"comment_status":"closed","ping_status":"closed","template":"","meta":{"_acf_changed":false,"content-type":"","_monsterinsights_skip_tracking":false,"_monsterinsights_sitenote_active":false,"_monsterinsights_sitenote_note":"","_monsterinsights_sitenote_category":0,"footnotes":""},"class_list":["post-687","page","type-page","status-publish","has-post-thumbnail","hentry"],"acf":[],"_links":{"self":[{"href":"https:\/\/www.coremosa.es\/ca\/wp-json\/wp\/v2\/pages\/687","targetHints":{"allow":["GET"]}}],"collection":[{"href":"https:\/\/www.coremosa.es\/ca\/wp-json\/wp\/v2\/pages"}],"about":[{"href":"https:\/\/www.coremosa.es\/ca\/wp-json\/wp\/v2\/types\/page"}],"author":[{"embeddable":true,"href":"https:\/\/www.coremosa.es\/ca\/wp-json\/wp\/v2\/users\/2"}],"replies":[{"embeddable":true,"href":"https:\/\/www.coremosa.es\/ca\/wp-json\/wp\/v2\/comments?post=687"}],"version-history":[{"count":11,"href":"https:\/\/www.coremosa.es\/ca\/wp-json\/wp\/v2\/pages\/687\/revisions"}],"predecessor-version":[{"id":1146,"href":"https:\/\/www.coremosa.es\/ca\/wp-json\/wp\/v2\/pages\/687\/revisions\/1146"}],"wp:featuredmedia":[{"embeddable":true,"href":"https:\/\/www.coremosa.es\/ca\/wp-json\/wp\/v2\/media\/372"}],"wp:attachment":[{"href":"https:\/\/www.coremosa.es\/ca\/wp-json\/wp\/v2\/media?parent=687"}],"curies":[{"name":"wp","href":"https:\/\/api.w.org\/{rel}","templated":true}]}}