{"id":685,"date":"2024-02-22T13:03:22","date_gmt":"2024-02-22T13:03:22","guid":{"rendered":"https:\/\/www.coremosa.es\/sostenibilidad\/"},"modified":"2024-05-06T13:36:20","modified_gmt":"2024-05-06T13:36:20","slug":"sostenibilitat","status":"publish","type":"page","link":"https:\/\/www.coremosa.es\/ca\/sostenibilitat\/","title":{"rendered":"Sostenibilitat"},"content":{"rendered":"\r\n<section  class=\"block-img-section py-12 md:py-16 lg:py-24\">\r\n    \r\n    <div class=\"flex flex-col gap-5 lg:grid lg:gap-y-12 lg:items-center  lg:grid-cols-2\">\r\n\r\n        \r\n        <div class=\"lg:w-11\/12 lg:max-w-[610px]\">\r\n        \r\n                            <img loading=\"lazy\" decoding=\"async\" width=\"1701\" height=\"1610\" src=\"https:\/\/www.coremosa.es\/wp-content\/uploads\/2024\/04\/pexels-fauxels-3184431-scaled-e1714031711488.jpg\" class=\"w-full h-full object-cover object-center\" alt=\"\" data-aos=\"fade\" data-aos-duration=\"1000\" data-aos-delay=\"200\" srcset=\"https:\/\/www.coremosa.es\/wp-content\/uploads\/2024\/04\/pexels-fauxels-3184431-scaled-e1714031711488.jpg 1701w, https:\/\/www.coremosa.es\/wp-content\/uploads\/2024\/04\/pexels-fauxels-3184431-scaled-e1714031711488-520x492.jpg 520w, https:\/\/www.coremosa.es\/wp-content\/uploads\/2024\/04\/pexels-fauxels-3184431-scaled-e1714031711488-986x933.jpg 986w, https:\/\/www.coremosa.es\/wp-content\/uploads\/2024\/04\/pexels-fauxels-3184431-scaled-e1714031711488-768x727.jpg 768w, https:\/\/www.coremosa.es\/wp-content\/uploads\/2024\/04\/pexels-fauxels-3184431-scaled-e1714031711488-1536x1454.jpg 1536w, https:\/\/www.coremosa.es\/wp-content\/uploads\/2024\/04\/pexels-fauxels-3184431-scaled-e1714031711488-380x360.jpg 380w\" sizes=\"auto, (max-width: 1701px) 100vw, 1701px\" \/>                    \r\n            \r\n            \r\n                        \r\n            \r\n        <\/div>\r\n\r\n        <div class=\"lg:max-w-[484px]\">\r\n        \r\n                                                <h2 class=\"text-2xl lg:text-3xl mb-2.5 md:mb-5 leading-tight\">\r\n                                    Uneix-te a una oficina m\u00e9s sostenible                                    <\/h2>\r\n                                        \r\n                            <div class=\"mb-5 md:mb-8\">\r\n                    <p>A Coremosa estem compromesos amb la sostenibilitat i les pr\u00e0ctiques empresarials responsables amb el medi ambient. Creiem fermament que \u00e9s la nostra responsabilitat protegir i preservar l&#8217;entorn en el qual operem. \u00c9s per aix\u00f2 que hem adoptat mesures concretes per a minimitzar el nostre impacte ambiental en totes les nostres operacions.<\/p>\n<p>Aquest comprom\u00eds no \u00e9s nom\u00e9s un lema, sin\u00f3 una pr\u00e0ctica que ens ha portat a obtenir any rere any la certificaci\u00f3 ISO14001, demostrant el nostre comprom\u00eds amb una gesti\u00f3 ambiental d&#8217;alt nivell i posicionant-nos com a l\u00edders en el nostre sector. Aquesta certificaci\u00f3 no sols valguda les nostres pr\u00e0ctiques sostenibles, sin\u00f3 que tamb\u00e9 assegura als nostres clients i socis que complim amb els est\u00e0ndards m\u00e9s rigorosos.<\/p>\n                <\/div>\r\n                                        <div class=\"flex flex-wrap gap-x-5 gap-y-4\">\r\n                                            <a \r\n                            href=\"https:\/\/www.coremosa.es\/ca\/contacte\/\" \r\n                            class=\"button-primary\"\r\n                            target=\"_self\"\r\n                        >\r\n                            Descobreix com                        <\/a>\r\n                                    <\/div>\r\n                    <\/div>\r\n    <\/div>\r\n\r\n<\/section>\n\n\r\n\r\n<!-- Section Image Right -->\r\n<section  class=\"block-img-section-full wp-elements-667d09d2d226f4594190028aba9d8018 alignfull has-background has-gray-800-background-color has-text-color has-white-color relative pb-12 lg:py-24\">\r\n    <div class=\"lg:absolute inset-y-0 w-full lg:w-1\/2 2xl:w-5\/12 h-full right-0\">\r\n                    <img loading=\"lazy\" decoding=\"async\" width=\"8192\" height=\"5462\" src=\"https:\/\/www.coremosa.es\/wp-content\/uploads\/2024\/04\/pexels-nc-farm-bureau-mark-15751130.jpg\" class=\"object-cover object-center w-full h-full\" alt=\"\" srcset=\"https:\/\/www.coremosa.es\/wp-content\/uploads\/2024\/04\/pexels-nc-farm-bureau-mark-15751130.jpg 8192w, https:\/\/www.coremosa.es\/wp-content\/uploads\/2024\/04\/pexels-nc-farm-bureau-mark-15751130-520x347.jpg 520w, https:\/\/www.coremosa.es\/wp-content\/uploads\/2024\/04\/pexels-nc-farm-bureau-mark-15751130-986x657.jpg 986w, https:\/\/www.coremosa.es\/wp-content\/uploads\/2024\/04\/pexels-nc-farm-bureau-mark-15751130-768x512.jpg 768w, https:\/\/www.coremosa.es\/wp-content\/uploads\/2024\/04\/pexels-nc-farm-bureau-mark-15751130-1536x1024.jpg 1536w, https:\/\/www.coremosa.es\/wp-content\/uploads\/2024\/04\/pexels-nc-farm-bureau-mark-15751130-380x253.jpg 380w\" sizes=\"auto, (max-width: 8192px) 100vw, 8192px\" \/>        \r\n        \r\n                \r\n        \r\n    <\/div>\r\n    <div class=\"container mx-auto px-8\">\r\n        <div class=\"flex flex-wrap -mx-8\">\r\n            <div class=\"w-full lg:w-5\/12 px-8 pt-8 lg:pt-0\">\r\n                <div class=\"lg:max-w-[484px]\">\r\n\r\n                    \r\n                                                                        <h2 class=\"m-0\">\r\n                                                    Coremosa Energies Renovables: Un comprom\u00eds amb el medi ambient                                                    <\/h2>\r\n                                                                \r\n                                            <div class=\"mt-5 mb-9 leading-normal\">\r\n                            <p>Coremosa Energies Renovables opera 7 parcs fotovoltaics a les comarques de Calataiud i de l&#8217;Aranda a la prov\u00edncia de Saragossa utilitzant tecnologies de seguidors solars, estructures fixes sobre s\u00f2l i sobre teulada.<\/p>\n<p>Iniciatives com aquesta demostren el comprom\u00eds de Coremosa amb la sostenibilitat i el medi ambient.<\/p>\n                        <\/div>\r\n                                                        <\/div>\r\n\r\n            <\/div>\r\n        <\/div>\r\n    <\/div>\r\n<\/section>\n\n\r\n<section  class=\"block-counters alignfull has-background has-primary-100-background-color py-12 md:py-16 lg:py-24 relative overflow-hidden\">\r\n\r\n    <div class=\"relative z-10\">\r\n        <div class=\"container\">\r\n\r\n            \r\n            \r\n                <ul class=\"counters list-none mb-0 flex flex-col gap-y-10 gap-x-5 md:flex-row md:justify-evenly max-w-48 mx-auto md:max-w-full md:ml-0\">\r\n\r\n                    \r\n                    <li>\r\n                        <div class=\"pl-1 lg:pl-1.5\" data-aos=\"fade\" data-aos-duration=\"1000\" data-aos-delay=\"100\">\r\n                            <svg class=\"text-primary h-5 lg:h-7\" xmlns=\"http:\/\/www.w3.org\/2000\/svg\" viewBox=\"0 0 12.5 26.6\"><path d=\"M1 0h11.5v13L5.1 26.6H0l6.1-13.2h-5Z\" fill=\"currentColor\"\/><\/svg>\r\n                        <\/div>\r\n                        <span class=\"block my-2 lg:mt-3 text-3xl lg:text-6xl leading-none whitespace-nowrap font-semibold\">\r\n\r\n                            \r\n                                                        <span>3.7<\/span>\r\n                            \r\n                                                            <small class=\"text-xl lg:text-3xl\">\r\n                                    MW                                <\/small>\r\n                                                    <\/span>\r\n                        <span class=\"text-lg lg:text-xl\">\r\n                            generats                        <\/span>\r\n                    <\/li>\r\n\r\n                    \r\n                    <li>\r\n                        <div class=\"pl-1 lg:pl-1.5\" data-aos=\"fade\" data-aos-duration=\"1000\" data-aos-delay=\"100\">\r\n                            <svg class=\"text-primary h-5 lg:h-7\" xmlns=\"http:\/\/www.w3.org\/2000\/svg\" viewBox=\"0 0 12.5 26.6\"><path d=\"M1 0h11.5v13L5.1 26.6H0l6.1-13.2h-5Z\" fill=\"currentColor\"\/><\/svg>\r\n                        <\/div>\r\n                        <span class=\"block my-2 lg:mt-3 text-3xl lg:text-6xl leading-none whitespace-nowrap font-semibold\">\r\n\r\n                            \r\n                                                        <span class=\"counter\" data-target=\"7\">0<\/span>\r\n                            \r\n                                                    <\/span>\r\n                        <span class=\"text-lg lg:text-xl\">\r\n                            parcs fotovoltaics                        <\/span>\r\n                    <\/li>\r\n\r\n                    \r\n                    <li>\r\n                        <div class=\"pl-1 lg:pl-1.5\" data-aos=\"fade\" data-aos-duration=\"1000\" data-aos-delay=\"100\">\r\n                            <svg class=\"text-primary h-5 lg:h-7\" xmlns=\"http:\/\/www.w3.org\/2000\/svg\" viewBox=\"0 0 12.5 26.6\"><path d=\"M1 0h11.5v13L5.1 26.6H0l6.1-13.2h-5Z\" fill=\"currentColor\"\/><\/svg>\r\n                        <\/div>\r\n                        <span class=\"block my-2 lg:mt-3 text-3xl lg:text-6xl leading-none whitespace-nowrap font-semibold\">\r\n\r\n                            \r\n                                                        <span class=\"counter\" data-target=\"15\">0<\/span>\r\n                            \r\n                                                            <small class=\"text-xl lg:text-3xl\">\r\n                                    a\u00f1os                                <\/small>\r\n                                                    <\/span>\r\n                        <span class=\"text-lg lg:text-xl\">\r\n                            promocionant energia verda                        <\/span>\r\n                    <\/li>\r\n\r\n                    \r\n            <\/ul>\r\n\r\n            \r\n        <\/div>\r\n    <\/div>\r\n\r\n<\/section>\n\n<script type=\"application\/ld+json\">\n    {\n      \"@context\": \"https:\/\/schema.org\",\n      \"@type\": \"FAQPage\",\n      \"mainEntity\": [{\n                \"@type\": \"Question\",\n                \"name\": \"\u00bfQu\u00e9 soluciones ofrece Coremosa?\",\n                \"acceptedAnswer\": {\n                    \"@type\": \"Answer\",\n                    \"text\": \"Coremosa ofrece una amplia gama de soluciones integrales para empresas y profesionales, incluyendo: (i) distribuci\u00f3n, venta y mantenimiento de maquinaria reprogr\u00e1fica,\u00a0 (ii) soluciones audiovisuales, (iii) mobiliario de oficina y (iv) un ecommerce donde hay m\u00e1s de 90.000 referencias de material de oficina, papeler\u00eda e inform\u00e1tica\"\n                }\n            },{\n                \"@type\": \"Question\",\n                \"name\": \"\u00bfC\u00f3mo puedo solicitar un asesoramiento personalizado?\",\n                \"acceptedAnswer\": {\n                    \"@type\": \"Answer\",\n                    \"text\": \"Nuestro equipo propio de t\u00e9cnicos profesionales te asesorar\u00e1 acerca de tus dudas o necesidades sin compromiso completando nuestro formulario al final de la p\u00e1gina o contando nuestro tel\u00e9fono o correo electr\u00f3nico.\"\n                }\n            },{\n                \"@type\": \"Question\",\n                \"name\": \"\",\n                \"acceptedAnswer\": {\n                    \"@type\": \"Answer\",\n                    \"text\": \"\"\n                }\n            },{\n                \"@type\": \"Question\",\n                \"name\": \"\u00bfCu\u00e1l es el proceso de instalaci\u00f3n y mantenimiento de las soluciones ofrecidas por Coremosa?\",\n                \"acceptedAnswer\": {\n                    \"@type\": \"Answer\",\n                    \"text\": \"El proceso de instalaci\u00f3n y mantenimiento var\u00eda seg\u00fan el tipo de soluci\u00f3n. Nuestro equipo de expertos se encargar\u00e1 de todo el proceso, desde la planificaci\u00f3n hasta la instalaci\u00f3n y el mantenimiento continuo, garantizando un servicio de calidad en cada etapa.\"\n                }\n}]\n}<\/script>\n<section  class=\"block-faqs py-12 md:py-16 lg:py-24\">\n\n    <div class=\"\">\n                        \n                    <h2 class=\"text-center mb-10\">\n                Preguntes freq\u00fcents            <\/h2>\n        \n                    <dl class=\"accordion max-w-screen-xl mx-auto border-b border-primary\">\n\n                \n                    <dt class=\"accordion__button cursor-pointer font-normal border-t border-primary text-lg pr-4 pt-4 pb-5 relative\">\r\n    Quines solucions ofereix Coremosa?<\/dt>\r\n\r\n<dd class=\"accordion__content m-0\">\r\n    <div class=\"pb-2\">\r\n        <p>Coremosa ofereix una \u00e0mplia gamma de solucions integrals per a empreses i professionals, incloent: (i) distribuci\u00f3, venda i manteniment de maquin\u00e0ria reprogr\u00e0fica,\u00a0 (ii) solucions audiovisuals, (iii) mobiliari d&#8217;oficina i (iv) un ecommerce on hi ha m\u00e9s de 90.000 refer\u00e8ncies de material d&#8217;oficina, papereria i inform\u00e0tica entre d&#8217;altres.<\/p>\n    <\/div>\r\n<\/dd>\n                \n                    <dt class=\"accordion__button cursor-pointer font-normal border-t border-primary text-lg pr-4 pt-4 pb-5 relative\">\r\n    Com puc sol\u00b7licitar un assessorament personalitzat?<\/dt>\r\n\r\n<dd class=\"accordion__content m-0\">\r\n    <div class=\"pb-2\">\r\n        <p>El nostre equip propi de t\u00e8cnics professionals t&#8217;assessorar\u00e0 sobre els teus dubtes o necessitats sense comprom\u00eds completant el nostre formulari al final de la p\u00e0gina o comptant el nostre tel\u00e8fon o correu electr\u00f2nic.<\/p>\n    <\/div>\r\n<\/dd>\n                \n                    <dt class=\"accordion__button cursor-pointer font-normal border-t border-primary text-lg pr-4 pt-4 pb-5 relative\">\r\n    Quin \u00e9s el proc\u00e9s d&#8217;instal\u00b7laci\u00f3 i manteniment de les solucions ofertes per Coremosa?<\/dt>\r\n\r\n<dd class=\"accordion__content m-0\">\r\n    <div class=\"pb-2\">\r\n        <p>El proc\u00e9s d&#8217;instal\u00b7laci\u00f3 i manteniment varia segons el tipus de soluci\u00f3. El nostre equip d&#8217;experts s&#8217;encarregar\u00e0 de tot el proc\u00e9s, des de la planificaci\u00f3 fins a la instal\u00b7laci\u00f3 i el manteniment continu, garantint un servei de qualitat en cada etapa.<\/p>\n    <\/div>\r\n<\/dd>\n                \n            <\/dl>\n        \n    <\/div>\n\n<\/section>\n\n\r\n<section  class=\"block-cta wp-elements-6799a9e38f6ff9aec7abba910245ad65 alignfull has-background has-gray-800-background-color has-text-color has-white-color text-center relative\"> <!-- section -->\r\n\r\n    <div class=\"container\"> <!-- if is a full width section, apply container -->\r\n\r\n\t\t<div class=\"max-w-4xl mx-auto md:relative pt-14 pb-16 md:pt-16 md:pb-20\">\r\n\r\n\t\t\t<h2 class=\"text-2xl lg:text-3xl mb-4 md:mb-8 md:px-32\">\u00bfTens dubtes? T&#8217;ajudem<\/h2>\r\n\t\t\t\t\r\n\t\t\t\t\t\t\t<a href=\"\/ca\/contacte\/\" class=\"button-primary\">\r\n\t\t\t\t\tContacta amb nosaltres\t\t\t\t<\/a>\r\n\t\t\t\r\n\t\t\t<div class=\"absolute right-0 top-0\" data-aos=\"fade\" data-aos-duration=\"1000\" data-aos-delay=\"150\">\r\n\t\t\t\t<svg class=\"w-12 md:w-28\" xmlns=\"http:\/\/www.w3.org\/2000\/svg\" viewBox=\"0 0 51.5 47.5\"><g fill=\"currentColor\"><path d=\"M2 0h20.4v23.3l-13 24.2H.2l11-23.6H2.1Z\"\/><path d=\"M31 0h20.4v23.3l-13 24.2h-9.2l11-23.6h-9.1Z\"\/><\/g><\/svg>\r\n\t\t\t<\/div>\r\n\r\n\t\t<\/div>\r\n\r\n\r\n\t<\/div>\r\n\r\n<\/section>","protected":false},"excerpt":{"rendered":"","protected":false},"author":2,"featured_media":977,"parent":0,"menu_order":0,"comment_status":"closed","ping_status":"closed","template":"","meta":{"_acf_changed":false,"content-type":"","_monsterinsights_skip_tracking":false,"_monsterinsights_sitenote_active":false,"_monsterinsights_sitenote_note":"","_monsterinsights_sitenote_category":0,"footnotes":""},"class_list":["post-685","page","type-page","status-publish","has-post-thumbnail","hentry"],"acf":[],"_links":{"self":[{"href":"https:\/\/www.coremosa.es\/ca\/wp-json\/wp\/v2\/pages\/685","targetHints":{"allow":["GET"]}}],"collection":[{"href":"https:\/\/www.coremosa.es\/ca\/wp-json\/wp\/v2\/pages"}],"about":[{"href":"https:\/\/www.coremosa.es\/ca\/wp-json\/wp\/v2\/types\/page"}],"author":[{"embeddable":true,"href":"https:\/\/www.coremosa.es\/ca\/wp-json\/wp\/v2\/users\/2"}],"replies":[{"embeddable":true,"href":"https:\/\/www.coremosa.es\/ca\/wp-json\/wp\/v2\/comments?post=685"}],"version-history":[{"count":13,"href":"https:\/\/www.coremosa.es\/ca\/wp-json\/wp\/v2\/pages\/685\/revisions"}],"predecessor-version":[{"id":1179,"href":"https:\/\/www.coremosa.es\/ca\/wp-json\/wp\/v2\/pages\/685\/revisions\/1179"}],"wp:featuredmedia":[{"embeddable":true,"href":"https:\/\/www.coremosa.es\/ca\/wp-json\/wp\/v2\/media\/977"}],"wp:attachment":[{"href":"https:\/\/www.coremosa.es\/ca\/wp-json\/wp\/v2\/media?parent=685"}],"curies":[{"name":"wp","href":"https:\/\/api.w.org\/{rel}","templated":true}]}}